{"id":2954,"date":"2022-07-18T10:28:26","date_gmt":"2022-07-18T13:28:26","guid":{"rendered":"https:\/\/reidascanecas.net.br\/loja\/?post_type=product&#038;p=2954"},"modified":"2022-07-18T10:31:56","modified_gmt":"2022-07-18T13:31:56","slug":"quadro-em-mdf-pai-tam-20cmx28cm","status":"publish","type":"product","link":"https:\/\/reidascanecas.net.br\/loja\/produto\/quadro-em-mdf-pai-tam-20cmx28cm\/","title":{"rendered":"Quadro em MDF  Pai Tam. 20cmx28cm"},"content":{"rendered":"<p>Decorar a casa, o escrit\u00f3rio, o consult\u00f3rio ou qualquer ambiente com fotos \u00e9 uma forma de reviver momentos e estar sempre conectado com pessoas queridas. Com os quadros decorativos em MDF, esses momentos estar\u00e3o eternizados na decora\u00e7\u00e3o.<\/p>\n<p>Produzido em MDF.<\/p>\n<p>Dispon\u00edvel em: formato 20 x 28cm| Espessura: 6mm<\/p>\n<p>Acompanha pezinhos.<\/p>\n","protected":false},"excerpt":{"rendered":"<p>Lindo presente para todos os momentos e ocasi\u00f5es.<\/p>\n<p>Quadro em madeira MDF personalizado.<\/p>\n<p><strong>Para personalizar seu quadro em MDF, envie nos campos abaixo, o texto\/frase ou instru\u00e7\u00f5es para que possamos montar a arte. Voc\u00ea pode enviar uma foto\/imagem para junto personalizar ou ainda, enviar uma imagem de refer\u00eancia para que possamos montar a arte.<\/strong><\/p>\n<p><strong>Caso queira mais de uma foto\/imagem, favor enviar os arquivos em uma pasta compactada, ou, ap\u00f3s a finaliza\u00e7\u00e3o da compra, enviar por email ou whatsapp com o n\u00famero do pedido.<\/strong><\/p>\n<p><strong>Ap\u00f3s a finaliza\u00e7\u00e3o do pedido, montamos a arte e enviamos para aprova\u00e7\u00e3o via email de cadastro ou via whatsapp, se preferir.<\/strong><\/p>\n<p>Caso tenha d\u00favidas, favor entrar em contato via Whatsapp: 48 991450372 ou via email: contato@reidascanecas.net.br<\/p>\n<p>&nbsp;<\/p>\n","protected":false},"featured_media":2956,"comment_status":"open","ping_status":"closed","template":"","meta":{"_exactmetrics_skip_tracking":false,"_exactmetrics_sitenote_active":false,"_exactmetrics_sitenote_note":"","_exactmetrics_sitenote_category":0,"_joinchat":[]},"product_brand":[],"product_cat":[49],"product_tag":[],"class_list":{"0":"post-2954","1":"product","2":"type-product","3":"status-publish","4":"has-post-thumbnail","6":"product_cat-diversos","8":"first","9":"instock","10":"shipping-taxable","11":"purchasable","12":"product-type-simple"},"yoast_head":"<!-- This site is optimized with the Yoast SEO plugin v27.6 - https:\/\/yoast.com\/product\/yoast-seo-wordpress\/ -->\n<title>Quadro em MDF Pai Tam. 20cmx28cm - Rei das Canecas<\/title>\n<meta name=\"robots\" content=\"index, follow, max-snippet:-1, max-image-preview:large, max-video-preview:-1\" \/>\n<link rel=\"canonical\" href=\"https:\/\/reidascanecas.net.br\/loja\/produto\/quadro-em-mdf-pai-tam-20cmx28cm\/\" \/>\n<meta property=\"og:locale\" content=\"pt_BR\" \/>\n<meta property=\"og:type\" content=\"article\" \/>\n<meta property=\"og:title\" content=\"Quadro em MDF Pai Tam. 20cmx28cm - Rei das Canecas\" \/>\n<meta property=\"og:description\" content=\"Lindo presente para todos os momentos e ocasi\u00f5es.  Quadro em madeira MDF personalizado.  Para personalizar seu quadro em MDF, envie nos campos abaixo, o texto\/frase ou instru\u00e7\u00f5es para que possamos montar a arte. Voc\u00ea pode enviar uma foto\/imagem para junto personalizar ou ainda, enviar uma imagem de refer\u00eancia para que possamos montar a arte.  Caso queira mais de uma foto\/imagem, favor enviar os arquivos em uma pasta compactada, ou, ap\u00f3s a finaliza\u00e7\u00e3o da compra, enviar por email ou whatsapp com o n\u00famero do pedido.  Ap\u00f3s a finaliza\u00e7\u00e3o do pedido, montamos a arte e enviamos para aprova\u00e7\u00e3o via email de cadastro ou via whatsapp, se preferir.  Caso tenha d\u00favidas, favor entrar em contato via Whatsapp: 48 991450372 ou via email: contato@reidascanecas.net.br  &nbsp;\" \/>\n<meta property=\"og:url\" content=\"https:\/\/reidascanecas.net.br\/loja\/produto\/quadro-em-mdf-pai-tam-20cmx28cm\/\" \/>\n<meta property=\"og:site_name\" content=\"Rei das Canecas\" \/>\n<meta property=\"article:publisher\" content=\"https:\/\/www.facebook.com\/reidascanecasfloripa\/\" \/>\n<meta property=\"article:modified_time\" content=\"2022-07-18T13:31:56+00:00\" \/>\n<meta property=\"og:image\" content=\"https:\/\/reidascanecas.net.br\/loja\/wp-content\/uploads\/2022\/07\/quadro-mdf-pai-20x28-1.jpg\" \/>\n\t<meta property=\"og:image:width\" content=\"1004\" \/>\n\t<meta property=\"og:image:height\" content=\"1004\" \/>\n\t<meta property=\"og:image:type\" content=\"image\/jpeg\" \/>\n<meta name=\"twitter:card\" content=\"summary_large_image\" \/>\n<meta name=\"twitter:label1\" content=\"Est. tempo de leitura\" \/>\n\t<meta name=\"twitter:data1\" content=\"1 minuto\" \/>\n<script type=\"application\/ld+json\" class=\"yoast-schema-graph\">{\"@context\":\"https:\\\/\\\/schema.org\",\"@graph\":[{\"@type\":\"WebPage\",\"@id\":\"https:\\\/\\\/reidascanecas.net.br\\\/loja\\\/produto\\\/quadro-em-mdf-pai-tam-20cmx28cm\\\/\",\"url\":\"https:\\\/\\\/reidascanecas.net.br\\\/loja\\\/produto\\\/quadro-em-mdf-pai-tam-20cmx28cm\\\/\",\"name\":\"Quadro em MDF Pai Tam. 20cmx28cm - Rei das Canecas\",\"isPartOf\":{\"@id\":\"https:\\\/\\\/reidascanecas.net.br\\\/loja\\\/#website\"},\"primaryImageOfPage\":{\"@id\":\"https:\\\/\\\/reidascanecas.net.br\\\/loja\\\/produto\\\/quadro-em-mdf-pai-tam-20cmx28cm\\\/#primaryimage\"},\"image\":{\"@id\":\"https:\\\/\\\/reidascanecas.net.br\\\/loja\\\/produto\\\/quadro-em-mdf-pai-tam-20cmx28cm\\\/#primaryimage\"},\"thumbnailUrl\":\"https:\\\/\\\/reidascanecas.net.br\\\/loja\\\/wp-content\\\/uploads\\\/2022\\\/07\\\/quadro-mdf-pai-20x28-1.jpg\",\"datePublished\":\"2022-07-18T13:28:26+00:00\",\"dateModified\":\"2022-07-18T13:31:56+00:00\",\"breadcrumb\":{\"@id\":\"https:\\\/\\\/reidascanecas.net.br\\\/loja\\\/produto\\\/quadro-em-mdf-pai-tam-20cmx28cm\\\/#breadcrumb\"},\"inLanguage\":\"pt-BR\",\"potentialAction\":[{\"@type\":\"ReadAction\",\"target\":[\"https:\\\/\\\/reidascanecas.net.br\\\/loja\\\/produto\\\/quadro-em-mdf-pai-tam-20cmx28cm\\\/\"]}]},{\"@type\":\"ImageObject\",\"inLanguage\":\"pt-BR\",\"@id\":\"https:\\\/\\\/reidascanecas.net.br\\\/loja\\\/produto\\\/quadro-em-mdf-pai-tam-20cmx28cm\\\/#primaryimage\",\"url\":\"https:\\\/\\\/reidascanecas.net.br\\\/loja\\\/wp-content\\\/uploads\\\/2022\\\/07\\\/quadro-mdf-pai-20x28-1.jpg\",\"contentUrl\":\"https:\\\/\\\/reidascanecas.net.br\\\/loja\\\/wp-content\\\/uploads\\\/2022\\\/07\\\/quadro-mdf-pai-20x28-1.jpg\",\"width\":1004,\"height\":1004},{\"@type\":\"BreadcrumbList\",\"@id\":\"https:\\\/\\\/reidascanecas.net.br\\\/loja\\\/produto\\\/quadro-em-mdf-pai-tam-20cmx28cm\\\/#breadcrumb\",\"itemListElement\":[{\"@type\":\"ListItem\",\"position\":1,\"name\":\"In\u00edcio\",\"item\":\"https:\\\/\\\/reidascanecas.net.br\\\/loja\\\/\"},{\"@type\":\"ListItem\",\"position\":2,\"name\":\"Todos Produtos\",\"item\":\"https:\\\/\\\/reidascanecas.net.br\\\/loja\\\/canecas-para-empresa\\\/loja\\\/\"},{\"@type\":\"ListItem\",\"position\":3,\"name\":\"Diversos\",\"item\":\"https:\\\/\\\/reidascanecas.net.br\\\/loja\\\/categoria-produto\\\/diversos\\\/\"},{\"@type\":\"ListItem\",\"position\":4,\"name\":\"Quadro em MDF Pai Tam. 20cmx28cm\"}]},{\"@type\":\"WebSite\",\"@id\":\"https:\\\/\\\/reidascanecas.net.br\\\/loja\\\/#website\",\"url\":\"https:\\\/\\\/reidascanecas.net.br\\\/loja\\\/\",\"name\":\"Rei das Canecas\",\"description\":\"\",\"publisher\":{\"@id\":\"https:\\\/\\\/reidascanecas.net.br\\\/loja\\\/#organization\"},\"potentialAction\":[{\"@type\":\"SearchAction\",\"target\":{\"@type\":\"EntryPoint\",\"urlTemplate\":\"https:\\\/\\\/reidascanecas.net.br\\\/loja\\\/?s={search_term_string}\"},\"query-input\":{\"@type\":\"PropertyValueSpecification\",\"valueRequired\":true,\"valueName\":\"search_term_string\"}}],\"inLanguage\":\"pt-BR\"},{\"@type\":\"Organization\",\"@id\":\"https:\\\/\\\/reidascanecas.net.br\\\/loja\\\/#organization\",\"name\":\"Rei das Canecas\",\"url\":\"https:\\\/\\\/reidascanecas.net.br\\\/loja\\\/\",\"logo\":{\"@type\":\"ImageObject\",\"inLanguage\":\"pt-BR\",\"@id\":\"https:\\\/\\\/reidascanecas.net.br\\\/loja\\\/#\\\/schema\\\/logo\\\/image\\\/\",\"url\":\"https:\\\/\\\/reidascanecas.net.br\\\/novo\\\/wp-content\\\/uploads\\\/2020\\\/03\\\/logo-scaled-e1585273969550.jpg\",\"contentUrl\":\"https:\\\/\\\/reidascanecas.net.br\\\/novo\\\/wp-content\\\/uploads\\\/2020\\\/03\\\/logo-scaled-e1585273969550.jpg\",\"width\":200,\"height\":150,\"caption\":\"Rei das Canecas\"},\"image\":{\"@id\":\"https:\\\/\\\/reidascanecas.net.br\\\/loja\\\/#\\\/schema\\\/logo\\\/image\\\/\"},\"sameAs\":[\"https:\\\/\\\/www.facebook.com\\\/reidascanecasfloripa\\\/\"]}]}<\/script>\n<!-- \/ Yoast SEO plugin. -->","yoast_head_json":{"title":"Quadro em MDF Pai Tam. 20cmx28cm - Rei das Canecas","robots":{"index":"index","follow":"follow","max-snippet":"max-snippet:-1","max-image-preview":"max-image-preview:large","max-video-preview":"max-video-preview:-1"},"canonical":"https:\/\/reidascanecas.net.br\/loja\/produto\/quadro-em-mdf-pai-tam-20cmx28cm\/","og_locale":"pt_BR","og_type":"article","og_title":"Quadro em MDF Pai Tam. 20cmx28cm - Rei das Canecas","og_description":"Lindo presente para todos os momentos e ocasi\u00f5es.  Quadro em madeira MDF personalizado.  Para personalizar seu quadro em MDF, envie nos campos abaixo, o texto\/frase ou instru\u00e7\u00f5es para que possamos montar a arte. Voc\u00ea pode enviar uma foto\/imagem para junto personalizar ou ainda, enviar uma imagem de refer\u00eancia para que possamos montar a arte.  Caso queira mais de uma foto\/imagem, favor enviar os arquivos em uma pasta compactada, ou, ap\u00f3s a finaliza\u00e7\u00e3o da compra, enviar por email ou whatsapp com o n\u00famero do pedido.  Ap\u00f3s a finaliza\u00e7\u00e3o do pedido, montamos a arte e enviamos para aprova\u00e7\u00e3o via email de cadastro ou via whatsapp, se preferir.  Caso tenha d\u00favidas, favor entrar em contato via Whatsapp: 48 991450372 ou via email: contato@reidascanecas.net.br  &nbsp;","og_url":"https:\/\/reidascanecas.net.br\/loja\/produto\/quadro-em-mdf-pai-tam-20cmx28cm\/","og_site_name":"Rei das Canecas","article_publisher":"https:\/\/www.facebook.com\/reidascanecasfloripa\/","article_modified_time":"2022-07-18T13:31:56+00:00","og_image":[{"width":1004,"height":1004,"url":"https:\/\/reidascanecas.net.br\/loja\/wp-content\/uploads\/2022\/07\/quadro-mdf-pai-20x28-1.jpg","type":"image\/jpeg"}],"twitter_card":"summary_large_image","twitter_misc":{"Est. tempo de leitura":"1 minuto"},"schema":{"@context":"https:\/\/schema.org","@graph":[{"@type":"WebPage","@id":"https:\/\/reidascanecas.net.br\/loja\/produto\/quadro-em-mdf-pai-tam-20cmx28cm\/","url":"https:\/\/reidascanecas.net.br\/loja\/produto\/quadro-em-mdf-pai-tam-20cmx28cm\/","name":"Quadro em MDF Pai Tam. 20cmx28cm - Rei das Canecas","isPartOf":{"@id":"https:\/\/reidascanecas.net.br\/loja\/#website"},"primaryImageOfPage":{"@id":"https:\/\/reidascanecas.net.br\/loja\/produto\/quadro-em-mdf-pai-tam-20cmx28cm\/#primaryimage"},"image":{"@id":"https:\/\/reidascanecas.net.br\/loja\/produto\/quadro-em-mdf-pai-tam-20cmx28cm\/#primaryimage"},"thumbnailUrl":"https:\/\/reidascanecas.net.br\/loja\/wp-content\/uploads\/2022\/07\/quadro-mdf-pai-20x28-1.jpg","datePublished":"2022-07-18T13:28:26+00:00","dateModified":"2022-07-18T13:31:56+00:00","breadcrumb":{"@id":"https:\/\/reidascanecas.net.br\/loja\/produto\/quadro-em-mdf-pai-tam-20cmx28cm\/#breadcrumb"},"inLanguage":"pt-BR","potentialAction":[{"@type":"ReadAction","target":["https:\/\/reidascanecas.net.br\/loja\/produto\/quadro-em-mdf-pai-tam-20cmx28cm\/"]}]},{"@type":"ImageObject","inLanguage":"pt-BR","@id":"https:\/\/reidascanecas.net.br\/loja\/produto\/quadro-em-mdf-pai-tam-20cmx28cm\/#primaryimage","url":"https:\/\/reidascanecas.net.br\/loja\/wp-content\/uploads\/2022\/07\/quadro-mdf-pai-20x28-1.jpg","contentUrl":"https:\/\/reidascanecas.net.br\/loja\/wp-content\/uploads\/2022\/07\/quadro-mdf-pai-20x28-1.jpg","width":1004,"height":1004},{"@type":"BreadcrumbList","@id":"https:\/\/reidascanecas.net.br\/loja\/produto\/quadro-em-mdf-pai-tam-20cmx28cm\/#breadcrumb","itemListElement":[{"@type":"ListItem","position":1,"name":"In\u00edcio","item":"https:\/\/reidascanecas.net.br\/loja\/"},{"@type":"ListItem","position":2,"name":"Todos Produtos","item":"https:\/\/reidascanecas.net.br\/loja\/canecas-para-empresa\/loja\/"},{"@type":"ListItem","position":3,"name":"Diversos","item":"https:\/\/reidascanecas.net.br\/loja\/categoria-produto\/diversos\/"},{"@type":"ListItem","position":4,"name":"Quadro em MDF Pai Tam. 20cmx28cm"}]},{"@type":"WebSite","@id":"https:\/\/reidascanecas.net.br\/loja\/#website","url":"https:\/\/reidascanecas.net.br\/loja\/","name":"Rei das Canecas","description":"","publisher":{"@id":"https:\/\/reidascanecas.net.br\/loja\/#organization"},"potentialAction":[{"@type":"SearchAction","target":{"@type":"EntryPoint","urlTemplate":"https:\/\/reidascanecas.net.br\/loja\/?s={search_term_string}"},"query-input":{"@type":"PropertyValueSpecification","valueRequired":true,"valueName":"search_term_string"}}],"inLanguage":"pt-BR"},{"@type":"Organization","@id":"https:\/\/reidascanecas.net.br\/loja\/#organization","name":"Rei das Canecas","url":"https:\/\/reidascanecas.net.br\/loja\/","logo":{"@type":"ImageObject","inLanguage":"pt-BR","@id":"https:\/\/reidascanecas.net.br\/loja\/#\/schema\/logo\/image\/","url":"https:\/\/reidascanecas.net.br\/novo\/wp-content\/uploads\/2020\/03\/logo-scaled-e1585273969550.jpg","contentUrl":"https:\/\/reidascanecas.net.br\/novo\/wp-content\/uploads\/2020\/03\/logo-scaled-e1585273969550.jpg","width":200,"height":150,"caption":"Rei das Canecas"},"image":{"@id":"https:\/\/reidascanecas.net.br\/loja\/#\/schema\/logo\/image\/"},"sameAs":["https:\/\/www.facebook.com\/reidascanecasfloripa\/"]}]}},"_links":{"self":[{"href":"https:\/\/reidascanecas.net.br\/loja\/wp-json\/wp\/v2\/product\/2954","targetHints":{"allow":["GET"]}}],"collection":[{"href":"https:\/\/reidascanecas.net.br\/loja\/wp-json\/wp\/v2\/product"}],"about":[{"href":"https:\/\/reidascanecas.net.br\/loja\/wp-json\/wp\/v2\/types\/product"}],"replies":[{"embeddable":true,"href":"https:\/\/reidascanecas.net.br\/loja\/wp-json\/wp\/v2\/comments?post=2954"}],"wp:featuredmedia":[{"embeddable":true,"href":"https:\/\/reidascanecas.net.br\/loja\/wp-json\/wp\/v2\/media\/2956"}],"wp:attachment":[{"href":"https:\/\/reidascanecas.net.br\/loja\/wp-json\/wp\/v2\/media?parent=2954"}],"wp:term":[{"taxonomy":"product_brand","embeddable":true,"href":"https:\/\/reidascanecas.net.br\/loja\/wp-json\/wp\/v2\/product_brand?post=2954"},{"taxonomy":"product_cat","embeddable":true,"href":"https:\/\/reidascanecas.net.br\/loja\/wp-json\/wp\/v2\/product_cat?post=2954"},{"taxonomy":"product_tag","embeddable":true,"href":"https:\/\/reidascanecas.net.br\/loja\/wp-json\/wp\/v2\/product_tag?post=2954"}],"curies":[{"name":"wp","href":"https:\/\/api.w.org\/{rel}","templated":true}]}}