{"id":48,"date":"2019-04-18T11:12:45","date_gmt":"2019-04-18T11:12:45","guid":{"rendered":"https:\/\/envothemes.com\/envo-ecommerce\/?page_id=48"},"modified":"2022-08-01T09:43:05","modified_gmt":"2022-08-01T12:43:05","slug":"contato","status":"publish","type":"page","link":"https:\/\/reidascanecas.net.br\/loja\/contato\/","title":{"rendered":"Contato"},"content":{"rendered":"\t\t<div data-elementor-type=\"wp-post\" data-elementor-id=\"48\" class=\"elementor elementor-48\">\n\t\t\t\t\t\t<section class=\"elementor-section elementor-top-section elementor-element elementor-element-556e4afc elementor-section-boxed elementor-section-height-default elementor-section-height-default\" data-id=\"556e4afc\" data-element_type=\"section\" data-e-type=\"section\" data-settings=\"{&quot;background_background&quot;:&quot;classic&quot;}\">\n\t\t\t\t\t\t\t<div class=\"elementor-background-overlay\"><\/div>\n\t\t\t\t\t\t\t<div class=\"elementor-container elementor-column-gap-default\">\n\t\t\t\t\t<div class=\"elementor-column elementor-col-100 elementor-top-column elementor-element elementor-element-dfde28a\" data-id=\"dfde28a\" data-element_type=\"column\" data-e-type=\"column\">\n\t\t\t<div class=\"elementor-widget-wrap elementor-element-populated\">\n\t\t\t\t\t\t<div class=\"elementor-element elementor-element-7a2f75f9 elementor-widget elementor-widget-menu-anchor\" data-id=\"7a2f75f9\" data-element_type=\"widget\" data-e-type=\"widget\" data-widget_type=\"menu-anchor.default\">\n\t\t\t\t\t\t\t<div class=\"elementor-menu-anchor\" id=\"home\"><\/div>\n\t\t\t\t\t\t<\/div>\n\t\t\t\t<div class=\"elementor-element elementor-element-71543eb0 elementor-widget elementor-widget-heading\" data-id=\"71543eb0\" data-element_type=\"widget\" data-e-type=\"widget\" data-widget_type=\"heading.default\">\n\t\t\t\t\t<h1 class=\"elementor-heading-title elementor-size-large\">Ficou com alguma d\u00favida?<\/h1>\t\t\t\t<\/div>\n\t\t\t\t<div class=\"elementor-element elementor-element-75e8ff0f elementor-widget-divider--view-line elementor-widget elementor-widget-divider\" data-id=\"75e8ff0f\" data-element_type=\"widget\" data-e-type=\"widget\" data-widget_type=\"divider.default\">\n\t\t\t\t\t\t\t<div class=\"elementor-divider\">\n\t\t\t<span class=\"elementor-divider-separator\">\n\t\t\t\t\t\t<\/span>\n\t\t<\/div>\n\t\t\t\t\t\t<\/div>\n\t\t\t\t<div class=\"elementor-element elementor-element-4f0e3029 elementor-widget elementor-widget-heading\" data-id=\"4f0e3029\" data-element_type=\"widget\" data-e-type=\"widget\" data-widget_type=\"heading.default\">\n\t\t\t\t\t<h3 class=\"elementor-heading-title elementor-size-large\">Entre em contato que ser\u00e1 um prazer lhe atender<\/h3>\t\t\t\t<\/div>\n\t\t\t\t\t<\/div>\n\t\t<\/div>\n\t\t\t\t\t<\/div>\n\t\t<\/section>\n\t\t\t\t<section class=\"elementor-section elementor-top-section elementor-element elementor-element-4e4c06e4 elementor-section-full_width elementor-section-height-min-height elementor-section-items-stretch elementor-section-content-middle elementor-section-height-default\" data-id=\"4e4c06e4\" data-element_type=\"section\" data-e-type=\"section\">\n\t\t\t\t\t\t<div class=\"elementor-container elementor-column-gap-default\">\n\t\t\t\t\t<div class=\"elementor-column elementor-col-50 elementor-top-column elementor-element elementor-element-65626cdf\" data-id=\"65626cdf\" data-element_type=\"column\" data-e-type=\"column\" data-settings=\"{&quot;background_background&quot;:&quot;none&quot;}\">\n\t\t\t<div class=\"elementor-widget-wrap elementor-element-populated\">\n\t\t\t\t\t\t<div class=\"elementor-element elementor-element-28f311ba elementor-widget elementor-widget-heading\" data-id=\"28f311ba\" data-element_type=\"widget\" data-e-type=\"widget\" data-widget_type=\"heading.default\">\n\t\t\t\t\t<h2 class=\"elementor-heading-title elementor-size-large\">Contato<\/h2>\t\t\t\t<\/div>\n\t\t\t\t<div class=\"elementor-element elementor-element-28e8c7ce elementor-widget-divider--view-line elementor-widget elementor-widget-divider\" data-id=\"28e8c7ce\" data-element_type=\"widget\" data-e-type=\"widget\" data-widget_type=\"divider.default\">\n\t\t\t\t\t\t\t<div class=\"elementor-divider\">\n\t\t\t<span class=\"elementor-divider-separator\">\n\t\t\t\t\t\t<\/span>\n\t\t<\/div>\n\t\t\t\t\t\t<\/div>\n\t\t\t\t<div class=\"elementor-element elementor-element-6eb0fc4b elementor-widget elementor-widget-heading\" data-id=\"6eb0fc4b\" data-element_type=\"widget\" data-e-type=\"widget\" data-widget_type=\"heading.default\">\n\t\t\t\t\t<p class=\"elementor-heading-title elementor-size-large\">Escolha qual a melhor op\u00e7\u00e3o para entrar em contato  conosco<\/p>\t\t\t\t<\/div>\n\t\t\t\t\t<\/div>\n\t\t<\/div>\n\t\t\t\t<div class=\"elementor-column elementor-col-50 elementor-top-column elementor-element elementor-element-1cda619d\" data-id=\"1cda619d\" data-element_type=\"column\" data-e-type=\"column\" data-settings=\"{&quot;background_background&quot;:&quot;classic&quot;}\">\n\t\t\t<div class=\"elementor-widget-wrap elementor-element-populated\">\n\t\t\t\t\t\t<div class=\"elementor-element elementor-element-65892f89 elementor-icon-list--layout-traditional elementor-list-item-link-full_width elementor-widget elementor-widget-icon-list\" data-id=\"65892f89\" data-element_type=\"widget\" data-e-type=\"widget\" data-widget_type=\"icon-list.default\">\n\t\t\t\t\t\t\t<ul class=\"elementor-icon-list-items\">\n\t\t\t\t\t\t\t<li class=\"elementor-icon-list-item\">\n\t\t\t\t\t\t\t\t\t\t\t<span class=\"elementor-icon-list-icon\">\n\t\t\t\t\t\t\t<svg aria-hidden=\"true\" class=\"e-font-icon-svg e-far-envelope\" viewBox=\"0 0 512 512\" xmlns=\"http:\/\/www.w3.org\/2000\/svg\"><path d=\"M464 64H48C21.49 64 0 85.49 0 112v288c0 26.51 21.49 48 48 48h416c26.51 0 48-21.49 48-48V112c0-26.51-21.49-48-48-48zm0 48v40.805c-22.422 18.259-58.168 46.651-134.587 106.49-16.841 13.247-50.201 45.072-73.413 44.701-23.208.375-56.579-31.459-73.413-44.701C106.18 199.465 70.425 171.067 48 152.805V112h416zM48 400V214.398c22.914 18.251 55.409 43.862 104.938 82.646 21.857 17.205 60.134 55.186 103.062 54.955 42.717.231 80.509-37.199 103.053-54.947 49.528-38.783 82.032-64.401 104.947-82.653V400H48z\"><\/path><\/svg>\t\t\t\t\t\t<\/span>\n\t\t\t\t\t\t\t\t\t\t<span class=\"elementor-icon-list-text\">contato@reidascanecas.net.br<\/span>\n\t\t\t\t\t\t\t\t\t<\/li>\n\t\t\t\t\t\t\t\t<li class=\"elementor-icon-list-item\">\n\t\t\t\t\t\t\t\t\t\t\t<span class=\"elementor-icon-list-icon\">\n\t\t\t\t\t\t\t<svg aria-hidden=\"true\" class=\"e-font-icon-svg e-fas-phone\" viewBox=\"0 0 512 512\" xmlns=\"http:\/\/www.w3.org\/2000\/svg\"><path d=\"M493.4 24.6l-104-24c-11.3-2.6-22.9 3.3-27.5 13.9l-48 112c-4.2 9.8-1.4 21.3 6.9 28l60.6 49.6c-36 76.7-98.9 140.5-177.2 177.2l-49.6-60.6c-6.8-8.3-18.2-11.1-28-6.9l-112 48C3.9 366.5-2 378.1.6 389.4l24 104C27.1 504.2 36.7 512 48 512c256.1 0 464-207.5 464-464 0-11.2-7.7-20.9-18.6-23.4z\"><\/path><\/svg>\t\t\t\t\t\t<\/span>\n\t\t\t\t\t\t\t\t\t\t<span class=\"elementor-icon-list-text\">(48) 3365-4500<\/span>\n\t\t\t\t\t\t\t\t\t<\/li>\n\t\t\t\t\t\t\t\t<li class=\"elementor-icon-list-item\">\n\t\t\t\t\t\t\t\t\t\t\t<a href=\"https:\/\/wa.me\/554891450372\">\n\n\t\t\t\t\t\t\t\t\t\t\t\t<span class=\"elementor-icon-list-icon\">\n\t\t\t\t\t\t\t<svg aria-hidden=\"true\" class=\"e-font-icon-svg e-fab-whatsapp\" viewBox=\"0 0 448 512\" xmlns=\"http:\/\/www.w3.org\/2000\/svg\"><path d=\"M380.9 97.1C339 55.1 283.2 32 223.9 32c-122.4 0-222 99.6-222 222 0 39.1 10.2 77.3 29.6 111L0 480l117.7-30.9c32.4 17.7 68.9 27 106.1 27h.1c122.3 0 224.1-99.6 224.1-222 0-59.3-25.2-115-67.1-157zm-157 341.6c-33.2 0-65.7-8.9-94-25.7l-6.7-4-69.8 18.3L72 359.2l-4.4-7c-18.5-29.4-28.2-63.3-28.2-98.2 0-101.7 82.8-184.5 184.6-184.5 49.3 0 95.6 19.2 130.4 54.1 34.8 34.9 56.2 81.2 56.1 130.5 0 101.8-84.9 184.6-186.6 184.6zm101.2-138.2c-5.5-2.8-32.8-16.2-37.9-18-5.1-1.9-8.8-2.8-12.5 2.8-3.7 5.6-14.3 18-17.6 21.8-3.2 3.7-6.5 4.2-12 1.4-32.6-16.3-54-29.1-75.5-66-5.7-9.8 5.7-9.1 16.3-30.3 1.8-3.7.9-6.9-.5-9.7-1.4-2.8-12.5-30.1-17.1-41.2-4.5-10.8-9.1-9.3-12.5-9.5-3.2-.2-6.9-.2-10.6-.2-3.7 0-9.7 1.4-14.8 6.9-5.1 5.6-19.4 19-19.4 46.3 0 27.3 19.9 53.7 22.6 57.4 2.8 3.7 39.1 59.7 94.8 83.8 35.2 15.2 49 16.5 66.6 13.9 10.7-1.6 32.8-13.4 37.4-26.4 4.6-13 4.6-24.1 3.2-26.4-1.3-2.5-5-3.9-10.5-6.6z\"><\/path><\/svg>\t\t\t\t\t\t<\/span>\n\t\t\t\t\t\t\t\t\t\t<span class=\"elementor-icon-list-text\">(48) 99145-0372<\/span>\n\t\t\t\t\t\t\t\t\t\t\t<\/a>\n\t\t\t\t\t\t\t\t\t<\/li>\n\t\t\t\t\t\t<\/ul>\n\t\t\t\t\t\t<\/div>\n\t\t\t\t\t<\/div>\n\t\t<\/div>\n\t\t\t\t\t<\/div>\n\t\t<\/section>\n\t\t\t\t<section class=\"elementor-section elementor-top-section elementor-element elementor-element-2479edec elementor-section-full_width elementor-section-content-middle elementor-section-height-default elementor-section-height-default\" data-id=\"2479edec\" data-element_type=\"section\" data-e-type=\"section\">\n\t\t\t\t\t\t<div class=\"elementor-container elementor-column-gap-no\">\n\t\t\t\t\t<div class=\"elementor-column elementor-col-50 elementor-top-column elementor-element elementor-element-72cf0f64\" data-id=\"72cf0f64\" data-element_type=\"column\" data-e-type=\"column\">\n\t\t\t<div class=\"elementor-widget-wrap elementor-element-populated\">\n\t\t\t\t\t\t<div class=\"elementor-element elementor-element-c55c8a4 elementor-widget elementor-widget-google_maps\" data-id=\"c55c8a4\" data-element_type=\"widget\" data-e-type=\"widget\" data-widget_type=\"google_maps.default\">\n\t\t\t\t\t\t\t<div class=\"elementor-custom-embed\">\n\t\t\t<iframe loading=\"lazy\"\n\t\t\t\t\tsrc=\"https:\/\/maps.google.com\/maps?q=Servid%C3%A3o%20Izabel%20JO%C3%A3o%20Jacinto%2C%2034%2C%20Sambaqui%20-%20Florian%C3%B3polis%20-%20SC&#038;t=m&#038;z=14&#038;output=embed&#038;iwloc=near\"\n\t\t\t\t\ttitle=\"Servid\u00e3o Izabel JO\u00e3o Jacinto, 34, Sambaqui - Florian\u00f3polis - SC\"\n\t\t\t\t\taria-label=\"Servid\u00e3o Izabel JO\u00e3o Jacinto, 34, Sambaqui - Florian\u00f3polis - SC\"\n\t\t\t><\/iframe>\n\t\t<\/div>\n\t\t\t\t\t\t<\/div>\n\t\t\t\t\t<\/div>\n\t\t<\/div>\n\t\t\t\t<div class=\"elementor-column elementor-col-50 elementor-top-column elementor-element elementor-element-7324b409\" data-id=\"7324b409\" data-element_type=\"column\" data-e-type=\"column\">\n\t\t\t<div class=\"elementor-widget-wrap elementor-element-populated\">\n\t\t\t\t\t\t<div class=\"elementor-element elementor-element-7acb4f6 elementor-widget elementor-widget-heading\" data-id=\"7acb4f6\" data-element_type=\"widget\" data-e-type=\"widget\" data-widget_type=\"heading.default\">\n\t\t\t\t\t<h2 class=\"elementor-heading-title elementor-size-large\">Fa\u00e7a uma visita<\/h2>\t\t\t\t<\/div>\n\t\t\t\t<div class=\"elementor-element elementor-element-36584420 elementor-widget-divider--view-line elementor-widget elementor-widget-divider\" data-id=\"36584420\" data-element_type=\"widget\" data-e-type=\"widget\" data-widget_type=\"divider.default\">\n\t\t\t\t\t\t\t<div class=\"elementor-divider\">\n\t\t\t<span class=\"elementor-divider-separator\">\n\t\t\t\t\t\t<\/span>\n\t\t<\/div>\n\t\t\t\t\t\t<\/div>\n\t\t\t\t<div class=\"elementor-element elementor-element-2cebb61 elementor-widget elementor-widget-heading\" data-id=\"2cebb61\" data-element_type=\"widget\" data-e-type=\"widget\" data-widget_type=\"heading.default\">\n\t\t\t\t\t<p class=\"elementor-heading-title elementor-size-large\">Estamos localizados na:<br> Servid\u00e3o Izabel Jo\u00e3o Jacinto, 34, Sambaqui Florian\u00f3polis - SC<br> Nosso hor\u00e1rio de atendimento \u00e9<br> de Segunda \u00e0 Sexta das<br>8hs \u00e0s 12hs - 13:30hs \u00e0s 17:30hs<\/p>\t\t\t\t<\/div>\n\t\t\t\t\t<\/div>\n\t\t<\/div>\n\t\t\t\t\t<\/div>\n\t\t<\/section>\n\t\t\t\t<\/div>\n\t\t","protected":false},"excerpt":{"rendered":"<p>Ficou com alguma d\u00favida? Entre em contato que ser\u00e1 um prazer lhe atender Contato Escolha qual a melhor op\u00e7\u00e3o para&hellip;<\/p>\n","protected":false},"author":1,"featured_media":0,"parent":0,"menu_order":0,"comment_status":"closed","ping_status":"closed","template":"template-parts\/template-page-builders.php","meta":{"_exactmetrics_skip_tracking":false,"_exactmetrics_sitenote_active":false,"_exactmetrics_sitenote_note":"","_exactmetrics_sitenote_category":0,"_joinchat":[],"footnotes":""},"class_list":["post-48","page","type-page","status-publish","hentry"],"yoast_head":"<!-- This site is optimized with the Yoast SEO plugin v27.6 - https:\/\/yoast.com\/product\/yoast-seo-wordpress\/ -->\n<title>Contato - Rei das Canecas<\/title>\n<meta name=\"description\" content=\"Canecas personalizadas, squeezes personalizados, copos long drink personalizados, voc\u00ea encontra aqui. Solicite j\u00e1 seu or\u00e7amento.\" \/>\n<meta name=\"robots\" content=\"index, follow, max-snippet:-1, max-image-preview:large, max-video-preview:-1\" \/>\n<link rel=\"canonical\" href=\"https:\/\/reidascanecas.net.br\/loja\/contato\/\" \/>\n<meta property=\"og:locale\" content=\"pt_BR\" \/>\n<meta property=\"og:type\" content=\"article\" \/>\n<meta property=\"og:title\" content=\"Contato - Rei das Canecas\" \/>\n<meta property=\"og:description\" content=\"Canecas personalizadas, squeezes personalizados, copos long drink personalizados, voc\u00ea encontra aqui. Solicite j\u00e1 seu or\u00e7amento.\" \/>\n<meta property=\"og:url\" content=\"https:\/\/reidascanecas.net.br\/loja\/contato\/\" \/>\n<meta property=\"og:site_name\" content=\"Rei das Canecas\" \/>\n<meta property=\"article:publisher\" content=\"https:\/\/www.facebook.com\/reidascanecasfloripa\/\" \/>\n<meta property=\"article:modified_time\" content=\"2022-08-01T12:43:05+00:00\" \/>\n<meta property=\"og:image\" content=\"https:\/\/reidascanecas.net.br\/loja\/wp-content\/uploads\/2020\/03\/logo-scaled-e1585273969550.jpg\" \/>\n\t<meta property=\"og:image:width\" content=\"200\" \/>\n\t<meta property=\"og:image:height\" content=\"150\" \/>\n\t<meta property=\"og:image:type\" content=\"image\/jpeg\" \/>\n<meta name=\"twitter:card\" content=\"summary_large_image\" \/>\n<meta name=\"twitter:label1\" content=\"Est. tempo de leitura\" \/>\n\t<meta name=\"twitter:data1\" content=\"1 minuto\" \/>\n<script type=\"application\/ld+json\" class=\"yoast-schema-graph\">{\"@context\":\"https:\\\/\\\/schema.org\",\"@graph\":[{\"@type\":\"WebPage\",\"@id\":\"https:\\\/\\\/reidascanecas.net.br\\\/loja\\\/contato\\\/\",\"url\":\"https:\\\/\\\/reidascanecas.net.br\\\/loja\\\/contato\\\/\",\"name\":\"Contato - Rei das Canecas\",\"isPartOf\":{\"@id\":\"https:\\\/\\\/reidascanecas.net.br\\\/loja\\\/#website\"},\"datePublished\":\"2019-04-18T11:12:45+00:00\",\"dateModified\":\"2022-08-01T12:43:05+00:00\",\"description\":\"Canecas personalizadas, squeezes personalizados, copos long drink personalizados, voc\u00ea encontra aqui. Solicite j\u00e1 seu or\u00e7amento.\",\"breadcrumb\":{\"@id\":\"https:\\\/\\\/reidascanecas.net.br\\\/loja\\\/contato\\\/#breadcrumb\"},\"inLanguage\":\"pt-BR\",\"potentialAction\":[{\"@type\":\"ReadAction\",\"target\":[\"https:\\\/\\\/reidascanecas.net.br\\\/loja\\\/contato\\\/\"]}]},{\"@type\":\"BreadcrumbList\",\"@id\":\"https:\\\/\\\/reidascanecas.net.br\\\/loja\\\/contato\\\/#breadcrumb\",\"itemListElement\":[{\"@type\":\"ListItem\",\"position\":1,\"name\":\"In\u00edcio\",\"item\":\"https:\\\/\\\/reidascanecas.net.br\\\/loja\\\/\"},{\"@type\":\"ListItem\",\"position\":2,\"name\":\"Contato\"}]},{\"@type\":\"WebSite\",\"@id\":\"https:\\\/\\\/reidascanecas.net.br\\\/loja\\\/#website\",\"url\":\"https:\\\/\\\/reidascanecas.net.br\\\/loja\\\/\",\"name\":\"Rei das Canecas\",\"description\":\"\",\"publisher\":{\"@id\":\"https:\\\/\\\/reidascanecas.net.br\\\/loja\\\/#organization\"},\"potentialAction\":[{\"@type\":\"SearchAction\",\"target\":{\"@type\":\"EntryPoint\",\"urlTemplate\":\"https:\\\/\\\/reidascanecas.net.br\\\/loja\\\/?s={search_term_string}\"},\"query-input\":{\"@type\":\"PropertyValueSpecification\",\"valueRequired\":true,\"valueName\":\"search_term_string\"}}],\"inLanguage\":\"pt-BR\"},{\"@type\":\"Organization\",\"@id\":\"https:\\\/\\\/reidascanecas.net.br\\\/loja\\\/#organization\",\"name\":\"Rei das Canecas\",\"url\":\"https:\\\/\\\/reidascanecas.net.br\\\/loja\\\/\",\"logo\":{\"@type\":\"ImageObject\",\"inLanguage\":\"pt-BR\",\"@id\":\"https:\\\/\\\/reidascanecas.net.br\\\/loja\\\/#\\\/schema\\\/logo\\\/image\\\/\",\"url\":\"https:\\\/\\\/reidascanecas.net.br\\\/novo\\\/wp-content\\\/uploads\\\/2020\\\/03\\\/logo-scaled-e1585273969550.jpg\",\"contentUrl\":\"https:\\\/\\\/reidascanecas.net.br\\\/novo\\\/wp-content\\\/uploads\\\/2020\\\/03\\\/logo-scaled-e1585273969550.jpg\",\"width\":200,\"height\":150,\"caption\":\"Rei das Canecas\"},\"image\":{\"@id\":\"https:\\\/\\\/reidascanecas.net.br\\\/loja\\\/#\\\/schema\\\/logo\\\/image\\\/\"},\"sameAs\":[\"https:\\\/\\\/www.facebook.com\\\/reidascanecasfloripa\\\/\"]}]}<\/script>\n<!-- \/ Yoast SEO plugin. -->","yoast_head_json":{"title":"Contato - Rei das Canecas","description":"Canecas personalizadas, squeezes personalizados, copos long drink personalizados, voc\u00ea encontra aqui. Solicite j\u00e1 seu or\u00e7amento.","robots":{"index":"index","follow":"follow","max-snippet":"max-snippet:-1","max-image-preview":"max-image-preview:large","max-video-preview":"max-video-preview:-1"},"canonical":"https:\/\/reidascanecas.net.br\/loja\/contato\/","og_locale":"pt_BR","og_type":"article","og_title":"Contato - Rei das Canecas","og_description":"Canecas personalizadas, squeezes personalizados, copos long drink personalizados, voc\u00ea encontra aqui. Solicite j\u00e1 seu or\u00e7amento.","og_url":"https:\/\/reidascanecas.net.br\/loja\/contato\/","og_site_name":"Rei das Canecas","article_publisher":"https:\/\/www.facebook.com\/reidascanecasfloripa\/","article_modified_time":"2022-08-01T12:43:05+00:00","og_image":[{"width":200,"height":150,"url":"https:\/\/reidascanecas.net.br\/loja\/wp-content\/uploads\/2020\/03\/logo-scaled-e1585273969550.jpg","type":"image\/jpeg"}],"twitter_card":"summary_large_image","twitter_misc":{"Est. tempo de leitura":"1 minuto"},"schema":{"@context":"https:\/\/schema.org","@graph":[{"@type":"WebPage","@id":"https:\/\/reidascanecas.net.br\/loja\/contato\/","url":"https:\/\/reidascanecas.net.br\/loja\/contato\/","name":"Contato - Rei das Canecas","isPartOf":{"@id":"https:\/\/reidascanecas.net.br\/loja\/#website"},"datePublished":"2019-04-18T11:12:45+00:00","dateModified":"2022-08-01T12:43:05+00:00","description":"Canecas personalizadas, squeezes personalizados, copos long drink personalizados, voc\u00ea encontra aqui. Solicite j\u00e1 seu or\u00e7amento.","breadcrumb":{"@id":"https:\/\/reidascanecas.net.br\/loja\/contato\/#breadcrumb"},"inLanguage":"pt-BR","potentialAction":[{"@type":"ReadAction","target":["https:\/\/reidascanecas.net.br\/loja\/contato\/"]}]},{"@type":"BreadcrumbList","@id":"https:\/\/reidascanecas.net.br\/loja\/contato\/#breadcrumb","itemListElement":[{"@type":"ListItem","position":1,"name":"In\u00edcio","item":"https:\/\/reidascanecas.net.br\/loja\/"},{"@type":"ListItem","position":2,"name":"Contato"}]},{"@type":"WebSite","@id":"https:\/\/reidascanecas.net.br\/loja\/#website","url":"https:\/\/reidascanecas.net.br\/loja\/","name":"Rei das Canecas","description":"","publisher":{"@id":"https:\/\/reidascanecas.net.br\/loja\/#organization"},"potentialAction":[{"@type":"SearchAction","target":{"@type":"EntryPoint","urlTemplate":"https:\/\/reidascanecas.net.br\/loja\/?s={search_term_string}"},"query-input":{"@type":"PropertyValueSpecification","valueRequired":true,"valueName":"search_term_string"}}],"inLanguage":"pt-BR"},{"@type":"Organization","@id":"https:\/\/reidascanecas.net.br\/loja\/#organization","name":"Rei das Canecas","url":"https:\/\/reidascanecas.net.br\/loja\/","logo":{"@type":"ImageObject","inLanguage":"pt-BR","@id":"https:\/\/reidascanecas.net.br\/loja\/#\/schema\/logo\/image\/","url":"https:\/\/reidascanecas.net.br\/novo\/wp-content\/uploads\/2020\/03\/logo-scaled-e1585273969550.jpg","contentUrl":"https:\/\/reidascanecas.net.br\/novo\/wp-content\/uploads\/2020\/03\/logo-scaled-e1585273969550.jpg","width":200,"height":150,"caption":"Rei das Canecas"},"image":{"@id":"https:\/\/reidascanecas.net.br\/loja\/#\/schema\/logo\/image\/"},"sameAs":["https:\/\/www.facebook.com\/reidascanecasfloripa\/"]}]}},"_links":{"self":[{"href":"https:\/\/reidascanecas.net.br\/loja\/wp-json\/wp\/v2\/pages\/48","targetHints":{"allow":["GET"]}}],"collection":[{"href":"https:\/\/reidascanecas.net.br\/loja\/wp-json\/wp\/v2\/pages"}],"about":[{"href":"https:\/\/reidascanecas.net.br\/loja\/wp-json\/wp\/v2\/types\/page"}],"author":[{"embeddable":true,"href":"https:\/\/reidascanecas.net.br\/loja\/wp-json\/wp\/v2\/users\/1"}],"replies":[{"embeddable":true,"href":"https:\/\/reidascanecas.net.br\/loja\/wp-json\/wp\/v2\/comments?post=48"}],"version-history":[{"count":15,"href":"https:\/\/reidascanecas.net.br\/loja\/wp-json\/wp\/v2\/pages\/48\/revisions"}],"predecessor-version":[{"id":2997,"href":"https:\/\/reidascanecas.net.br\/loja\/wp-json\/wp\/v2\/pages\/48\/revisions\/2997"}],"wp:attachment":[{"href":"https:\/\/reidascanecas.net.br\/loja\/wp-json\/wp\/v2\/media?parent=48"}],"curies":[{"name":"wp","href":"https:\/\/api.w.org\/{rel}","templated":true}]}}