{"id":3,"date":"2020-03-25T13:45:26","date_gmt":"2020-03-25T16:45:26","guid":{"rendered":"https:\/\/reidascanecas.net.br\/novo\/?page_id=3"},"modified":"2022-05-26T09:16:03","modified_gmt":"2022-05-26T12:16:03","slug":"politica-de-privacidade","status":"publish","type":"page","link":"https:\/\/reidascanecas.net.br\/loja\/politica-de-privacidade\/","title":{"rendered":"Pol\u00edtica de privacidade"},"content":{"rendered":"<div class=\"line\">\n<h2 class=\"titulo cc_cursor\"><span style=\"color: #404040; font-size: 16px; font-weight: 400;\">O Rei das Canecas sabe o quanto \u00e9 importante para o usu\u00e1rio conhecer e estar seguro sobre a utiliza\u00e7\u00e3o dos seus dados pessoais. Por isso, a Pol\u00edtica de Privacidade do reidascanecas.net.br foi elaborada para reafirmar o nosso compromisso com a privacidade e a seguran\u00e7a das informa\u00e7\u00f5es que coletamos de nossos usu\u00e1rios.<\/span><\/h2>\n<\/div>\n<p class=\"texto\">O usu\u00e1rio que desobedecer ao estabelecido nessa pol\u00edtica poder\u00e1 ter o seu login cancelado e bloqueado sem aviso pr\u00e9vio e a crit\u00e9rio exclusivo do Rei das Canecas.<\/p>\n<h2 class=\"texto-cor-destaque\">Cookies<\/h2>\n<p class=\"texto\">Cookies s\u00e3o pequenos arquivos de texto enviados e armazenados no seu computador. Estes pequenos arquivos servem para reconhecer, acompanhar e armazenar a navega\u00e7\u00e3o do usu\u00e1rio na Internet.<\/p>\n<p class=\"texto\">O uso de cookies para acompanhar e armazenar informa\u00e7\u00f5es possibilitar\u00e1 \u00e0 loja virtual Rei das Canecas oferecer um servi\u00e7o mais personalizado, de acordo com as caracter\u00edsticas e interesses de seus usu\u00e1rios.<\/p>\n<p class=\"texto\">Em geral, os cookies s\u00e3o utilizados para proporcionar servi\u00e7os diferenciados, identificando o usu\u00e1rio e quais s\u00e3o os seus h\u00e1bitos de navega\u00e7\u00e3o, al\u00e9m de acessar as informa\u00e7\u00f5es do seu cadastro na loja virtual, armazenadas em nossos servidores.<\/p>\n<p class=\"texto\">O Usu\u00e1rio pode e poder\u00e1, a qualquer tempo, caso discorde da pol\u00edtica de cookies acima, utilizar as ferramentas de seu navegador que impedem a instala\u00e7\u00e3o de cookies e ainda apagar quaisquer cookies existentes em seu dispositivo de conex\u00e3o com a internet. Neste caso, algumas funcionalidades do site poder\u00e3o apresentar erros.<\/p>\n<h2 class=\"texto-cor-destaque\">Utiliza\u00e7\u00e3o das informa\u00e7\u00f5es coletadas<\/h2>\n<p class=\"texto\">Os dados fornecidos pelos usu\u00e1rios ser\u00e3o armazenados e utilizados pela loja virtual Rei das Canecas, por si ou por terceiros por ela contratados (intermediadores financeiros, Correios ou outras Transportadoras), para fornecer os produtos do site, realizar as transa\u00e7\u00f5es comerciais, processar pagamentos a elas relacionados, compartilhar dados, armazenar o hist\u00f3rico de produtos visualizados, personalizar p\u00e1ginas do site, verificar dados banc\u00e1rios para evitar fraudes (esses dados n\u00e3o ser\u00e3o armazenados) e realizar entregas e devolu\u00e7\u00e3o, proteger a seguran\u00e7a ou integridade do site, analisar e melhorar os nossos produtos, servi\u00e7os, tecnologias, comunica\u00e7\u00f5es e a nossa rela\u00e7\u00e3o com o usu\u00e1rio.<\/p>\n<p class=\"texto\">Ser\u00e3o recolhidas informa\u00e7\u00f5es acerca das visitas aos nossos sites, incluindo as p\u00e1ginas vistas, as publicidades visitadas, os termos de pesquisa introduzidos e outras a\u00e7\u00f5es que o usu\u00e1rio possa realizar em liga\u00e7\u00e3o com os servi\u00e7os e sites do Rei das Canecas.<\/p>\n<p class=\"texto\">Tamb\u00e9m podemos recolher determinadas informa\u00e7\u00f5es a partir do browser utilizado para entrar no nosso site, tais como o endere\u00e7o de Protocolo de Internet (IP), tipo de browser, horas de acesso, Uniform Resource Locator (URL) do site que redirecionou o utilizador para o nosso site e os sites aos quais acedeu a partir de uma liga\u00e7\u00e3o ao nosso site.<\/p>\n<p class=\"texto\">O usu\u00e1rio \u00e9 respons\u00e1vel, nas esferas civil e criminal, pela veracidade e atualiza\u00e7\u00e3o dos dados fornecidos, inclusive os dados pessoais e a loja virtual Rei das Canecas se exime de qualquer responsabilidade por danos decorrentes do preenchimento incompleto, impreciso ou inexato do cadastro pelo usu\u00e1rio, sob qualquer meio ou forma, ou, ainda, pelo uso desse cadastro de forma indevida por qualquer terceiro n\u00e3o autorizado a usar tais dados ou, ainda, por terceiros que tenham, devida ou indevidamente, obtido os dados do usu\u00e1rio para acesso no site, agindo como se ele fosse.<\/p>\n<p class=\"texto\">O Rei das Canecas n\u00e3o armazena em sua base de dados informa\u00e7\u00f5es financeiras do usu\u00e1rio, como as informa\u00e7\u00f5es referentes a cart\u00f5es de cr\u00e9dito. O procedimento de aprova\u00e7\u00e3o do pagamento ocorre entre o usu\u00e1rio, os bancos e as administradoras de cart\u00f5es, sem interven\u00e7\u00e3o da loja virtual Rei das Canecas.<\/p>\n<p class=\"texto\">As informa\u00e7\u00f5es pessoais individuais n\u00e3o ser\u00e3o comercializadas ou fornecidas a terceiros em nenhuma hip\u00f3tese, salvo em estrito cumprimento de ordens judiciais ou procedimentos jur\u00eddicos similares.<\/p>\n<h2 class=\"texto-cor-destaque\">Outras formas de utiliza\u00e7\u00e3o de dados<\/h2>\n<p class=\"texto\">Al\u00e9m das formas descritas acima, a loja virtual Rei das Canecas poder\u00e1, a seu exclusivo crit\u00e9rio, utilizar os dados pessoais do usu\u00e1rio para atualiza\u00e7\u00e3o de cadastro, garantia da seguran\u00e7a do usu\u00e1rio, resposta a solicita\u00e7\u00f5es do pr\u00f3prio usu\u00e1rio, informa\u00e7\u00e3o acerca de altera\u00e7\u00f5es nos termos e condi\u00e7\u00f5es de uso ou das pol\u00edticas, elabora\u00e7\u00e3o de estat\u00edsticas com rela\u00e7\u00e3o ao uso do site, aperfei\u00e7oamento de ferramentas de interatividade entre o site e o usu\u00e1rio, cumprimento de ordens judiciais e defesa dos direitos do Rei das Canecas contra o usu\u00e1rio em procedimentos judiciais ou administrativos.<br \/>\nO Rei das Canecas se reserva o direito de manter os referidos dados em c\u00f3pias de seguran\u00e7a, a fim de cumprir obriga\u00e7\u00f5es legais de guarda obrigat\u00f3ria.<\/p>\n<h2 class=\"texto-cor-destaque\">Registros de acesso<\/h2>\n<p class=\"texto\">A loja virtual Rei das Canecas manter\u00e1 em sua base de dados todas as informa\u00e7\u00f5es relativas aos acessos do usu\u00e1rio ao site, incluindo, mas n\u00e3o se limitando ao endere\u00e7o IP, \u00e0s p\u00e1ginas acessadas, aos hor\u00e1rios e datas de acesso, e o dispositivo de acesso utilizado, nos termos da legisla\u00e7\u00e3o vigente. Tais registros poder\u00e3o ser utilizados em investiga\u00e7\u00f5es internas ou p\u00fablicas para averigua\u00e7\u00e3o de pr\u00e1ticas que possam gerar quaisquer preju\u00edzos \u00e0 Rei das Canecas, inclusive a pr\u00e1tica de crimes em ambientes virtuais.<\/p>\n<h2 class=\"texto-cor-destaque\">Envio de comunicados e mensagens publicit\u00e1rias<\/h2>\n<p class=\"texto\">A loja virtual Rei das Canecas utilizar\u00e1 o e-mail do usu\u00e1rio para enviar informa\u00e7\u00f5es sobre suas compras e para recupera\u00e7\u00e3o da senha de acesso do cliente, em caso de perda ou esquecimento da senha.<\/p>\n<p class=\"texto\">No momento do cadastro de seus dados de contato, o usu\u00e1rio ter\u00e1 a op\u00e7\u00e3o de aceitar o envio de mensagens publicit\u00e1rias. Ademais, a qualquer momento, o usu\u00e1rio poder\u00e1 alterar sua decis\u00e3o, diretamente no link de cancelamento existente no rodap\u00e9 dos e-mails enviados pelo Rei das Canecas.<\/p>\n<h2 class=\"texto-cor-destaque\">Redes sociais<\/h2>\n<p class=\"texto\">O nosso site inclui ferramentas de redes sociais. Esses aplicativos podem obter o endere\u00e7o de IP do usu\u00e1rio, identificar a p\u00e1gina que est\u00e1 a visitar no site e podem ainda aplicar um cookie de forma a permitir que a ferramenta funcione corretamente. O uso das redes sociais \u00e9 disponibilizado por outra entidade ou diretamente no nosso site. As intera\u00e7\u00f5es do usu\u00e1rio com essas fun\u00e7\u00f5es se regem pela pol\u00edtica de privacidade da empresa que as disponibiliza.<\/p>\n<p class=\"texto-cor-destaque\">Precau\u00e7\u00f5es de seguran\u00e7a estabelecidas para sua prote\u00e7\u00e3o em caso de perda, m\u00e1 utiliza\u00e7\u00e3o ou altera\u00e7\u00e3o de suas informa\u00e7\u00f5es<\/p>\n<p class=\"texto\">As informa\u00e7\u00f5es sobre a conta da loja virtual s\u00e3o protegidas por senha, para que somente o usu\u00e1rio tenha acesso a suas pr\u00f3prias informa\u00e7\u00f5es pessoais.<\/p>\n<p class=\"texto\">Sua senha \u00e9 secreta e recomendamos que n\u00e3o a revele a ningu\u00e9m. O Rei das Canecas n\u00e3o ir\u00e1 solicitar, em nenhuma hip\u00f3tese, seja por e-mail ou telefone, sua senha pessoal. Lembre-se tamb\u00e9m de se desconectar da sua conta da loja virtual e fechar a janela do seu navegador quando concluir sua navega\u00e7\u00e3o na Internet. Isso garante que outras pessoas n\u00e3o tenham acesso \u00e0s suas informa\u00e7\u00f5es pessoais e correspond\u00eancias, caso voc\u00ea compartilhe um computador com algu\u00e9m ou esteja usando um computador em local p\u00fablico como uma biblioteca ou local de acesso p\u00fablico \u00e0 Internet.<\/p>\n<h2 class=\"texto-cor-destaque\">Condi\u00e7\u00f5es gerais<\/h2>\n<p class=\"texto\">O n\u00e3o exerc\u00edcio pela loja virtual Rei das Canecas de quaisquer direitos ou faculdades que lhe sejam conferidos pelos Termos de Uso ou pela legisla\u00e7\u00e3o brasileira, bem como a eventual toler\u00e2ncia contra infra\u00e7\u00f5es aos Termos de Uso ou a seus direitos, n\u00e3o importar\u00e1 na ren\u00fancia aos seus direitos, nova\u00e7\u00e3o ou altera\u00e7\u00e3o de itens e cl\u00e1usulas deste instrumento, podendo ainda o Rei das Canecas exercer seus direitos a qualquer momento.<\/p>\n<p class=\"texto\">A presente Pol\u00edtica de Privacidade est\u00e1 sujeita a constante melhoria e aprimoramento para garantir mais transpar\u00eancia e seguran\u00e7a aos Internautas. Assim, a loja virtual Rei das Canecas se reserva o direito de modificar a qualquer momento, de forma unilateral, o presente documento.<\/p>\n<p class=\"texto\">Fica eleito o Foro da Comarca de Florian\u00f3polis no Estado do Santa Catarina para dirimir quaisquer quest\u00f5es oriundas da utiliza\u00e7\u00e3o dos conte\u00fados e\/ou viola\u00e7\u00e3o \u00e0s pol\u00edticas utilizadas na loja virtual, renunciando as partes a qualquer outro, por mais privilegiado que seja ou venha a ser.<\/p>\n<p class=\"texto\">Caso voc\u00ea considere que existem fatos, circunst\u00e2ncias ou suspeita de qualquer uso inadequado dos conte\u00fados ou qualquer quest\u00e3o de seguran\u00e7a relacionada \u00e0 loja virtual e, em particular, que representem viola\u00e7\u00e3o de direito autoral ou de propriedade intelectual ou outros direitos, pedimos que envie uma comunica\u00e7\u00e3o ao Rei das Canecas por meio do e-mail contato@reidascanecas.net.br, contendo, se poss\u00edvel, seus dados pessoais (nome, endere\u00e7o e n\u00famero de telefone), bem como especifica\u00e7\u00e3o do evento verificado por voc\u00ea, quando se tratar de suposta viola\u00e7\u00e3o de direitos autorais, indica\u00e7\u00e3o precisa e completa dos conte\u00fados protegidos e supostamente infringidos com as respectivas URLs).<\/p>\n","protected":false},"excerpt":{"rendered":"<p>O Rei das Canecas sabe o quanto \u00e9 importante para o usu\u00e1rio conhecer e estar seguro sobre a utiliza\u00e7\u00e3o dos&hellip;<\/p>\n","protected":false},"author":1,"featured_media":0,"parent":0,"menu_order":0,"comment_status":"closed","ping_status":"open","template":"","meta":{"_exactmetrics_skip_tracking":false,"_exactmetrics_sitenote_active":false,"_exactmetrics_sitenote_note":"","_exactmetrics_sitenote_category":0,"_joinchat":[],"footnotes":""},"class_list":["post-3","page","type-page","status-publish","hentry"],"yoast_head":"<!-- This site is optimized with the Yoast SEO plugin v27.6 - https:\/\/yoast.com\/product\/yoast-seo-wordpress\/ -->\n<title>Pol\u00edtica de privacidade - Rei das Canecas<\/title>\n<meta name=\"description\" content=\"Canecas personalizadas, squeezes personalizados, copos long drink personalizados, voc\u00ea encontra aqui. Solicite j\u00e1 seu or\u00e7amento.\" \/>\n<meta name=\"robots\" content=\"index, follow, max-snippet:-1, max-image-preview:large, max-video-preview:-1\" \/>\n<link rel=\"canonical\" href=\"https:\/\/reidascanecas.net.br\/loja\/politica-de-privacidade\/\" \/>\n<meta property=\"og:locale\" content=\"pt_BR\" \/>\n<meta property=\"og:type\" content=\"article\" \/>\n<meta property=\"og:title\" content=\"Pol\u00edtica de privacidade - Rei das Canecas\" \/>\n<meta property=\"og:description\" content=\"Canecas personalizadas, squeezes personalizados, copos long drink personalizados, voc\u00ea encontra aqui. Solicite j\u00e1 seu or\u00e7amento.\" \/>\n<meta property=\"og:url\" content=\"https:\/\/reidascanecas.net.br\/loja\/politica-de-privacidade\/\" \/>\n<meta property=\"og:site_name\" content=\"Rei das Canecas\" \/>\n<meta property=\"article:publisher\" content=\"https:\/\/www.facebook.com\/reidascanecasfloripa\/\" \/>\n<meta property=\"article:modified_time\" content=\"2022-05-26T12:16:03+00:00\" \/>\n<meta property=\"og:image\" content=\"https:\/\/reidascanecas.net.br\/loja\/wp-content\/uploads\/2020\/03\/logo-scaled-e1585273969550.jpg\" \/>\n\t<meta property=\"og:image:width\" content=\"200\" \/>\n\t<meta property=\"og:image:height\" content=\"150\" \/>\n\t<meta property=\"og:image:type\" content=\"image\/jpeg\" \/>\n<meta name=\"twitter:card\" content=\"summary_large_image\" \/>\n<meta name=\"twitter:label1\" content=\"Est. tempo de leitura\" \/>\n\t<meta name=\"twitter:data1\" content=\"8 minutos\" \/>\n<script type=\"application\/ld+json\" class=\"yoast-schema-graph\">{\"@context\":\"https:\\\/\\\/schema.org\",\"@graph\":[{\"@type\":\"WebPage\",\"@id\":\"https:\\\/\\\/reidascanecas.net.br\\\/loja\\\/politica-de-privacidade\\\/\",\"url\":\"https:\\\/\\\/reidascanecas.net.br\\\/loja\\\/politica-de-privacidade\\\/\",\"name\":\"Pol\u00edtica de privacidade - Rei das Canecas\",\"isPartOf\":{\"@id\":\"https:\\\/\\\/reidascanecas.net.br\\\/loja\\\/#website\"},\"datePublished\":\"2020-03-25T16:45:26+00:00\",\"dateModified\":\"2022-05-26T12:16:03+00:00\",\"description\":\"Canecas personalizadas, squeezes personalizados, copos long drink personalizados, voc\u00ea encontra aqui. Solicite j\u00e1 seu or\u00e7amento.\",\"breadcrumb\":{\"@id\":\"https:\\\/\\\/reidascanecas.net.br\\\/loja\\\/politica-de-privacidade\\\/#breadcrumb\"},\"inLanguage\":\"pt-BR\",\"potentialAction\":[{\"@type\":\"ReadAction\",\"target\":[\"https:\\\/\\\/reidascanecas.net.br\\\/loja\\\/politica-de-privacidade\\\/\"]}]},{\"@type\":\"BreadcrumbList\",\"@id\":\"https:\\\/\\\/reidascanecas.net.br\\\/loja\\\/politica-de-privacidade\\\/#breadcrumb\",\"itemListElement\":[{\"@type\":\"ListItem\",\"position\":1,\"name\":\"In\u00edcio\",\"item\":\"https:\\\/\\\/reidascanecas.net.br\\\/loja\\\/\"},{\"@type\":\"ListItem\",\"position\":2,\"name\":\"Pol\u00edtica de privacidade\"}]},{\"@type\":\"WebSite\",\"@id\":\"https:\\\/\\\/reidascanecas.net.br\\\/loja\\\/#website\",\"url\":\"https:\\\/\\\/reidascanecas.net.br\\\/loja\\\/\",\"name\":\"Rei das Canecas\",\"description\":\"\",\"publisher\":{\"@id\":\"https:\\\/\\\/reidascanecas.net.br\\\/loja\\\/#organization\"},\"potentialAction\":[{\"@type\":\"SearchAction\",\"target\":{\"@type\":\"EntryPoint\",\"urlTemplate\":\"https:\\\/\\\/reidascanecas.net.br\\\/loja\\\/?s={search_term_string}\"},\"query-input\":{\"@type\":\"PropertyValueSpecification\",\"valueRequired\":true,\"valueName\":\"search_term_string\"}}],\"inLanguage\":\"pt-BR\"},{\"@type\":\"Organization\",\"@id\":\"https:\\\/\\\/reidascanecas.net.br\\\/loja\\\/#organization\",\"name\":\"Rei das Canecas\",\"url\":\"https:\\\/\\\/reidascanecas.net.br\\\/loja\\\/\",\"logo\":{\"@type\":\"ImageObject\",\"inLanguage\":\"pt-BR\",\"@id\":\"https:\\\/\\\/reidascanecas.net.br\\\/loja\\\/#\\\/schema\\\/logo\\\/image\\\/\",\"url\":\"https:\\\/\\\/reidascanecas.net.br\\\/novo\\\/wp-content\\\/uploads\\\/2020\\\/03\\\/logo-scaled-e1585273969550.jpg\",\"contentUrl\":\"https:\\\/\\\/reidascanecas.net.br\\\/novo\\\/wp-content\\\/uploads\\\/2020\\\/03\\\/logo-scaled-e1585273969550.jpg\",\"width\":200,\"height\":150,\"caption\":\"Rei das Canecas\"},\"image\":{\"@id\":\"https:\\\/\\\/reidascanecas.net.br\\\/loja\\\/#\\\/schema\\\/logo\\\/image\\\/\"},\"sameAs\":[\"https:\\\/\\\/www.facebook.com\\\/reidascanecasfloripa\\\/\"]}]}<\/script>\n<!-- \/ Yoast SEO plugin. -->","yoast_head_json":{"title":"Pol\u00edtica de privacidade - Rei das Canecas","description":"Canecas personalizadas, squeezes personalizados, copos long drink personalizados, voc\u00ea encontra aqui. Solicite j\u00e1 seu or\u00e7amento.","robots":{"index":"index","follow":"follow","max-snippet":"max-snippet:-1","max-image-preview":"max-image-preview:large","max-video-preview":"max-video-preview:-1"},"canonical":"https:\/\/reidascanecas.net.br\/loja\/politica-de-privacidade\/","og_locale":"pt_BR","og_type":"article","og_title":"Pol\u00edtica de privacidade - Rei das Canecas","og_description":"Canecas personalizadas, squeezes personalizados, copos long drink personalizados, voc\u00ea encontra aqui. Solicite j\u00e1 seu or\u00e7amento.","og_url":"https:\/\/reidascanecas.net.br\/loja\/politica-de-privacidade\/","og_site_name":"Rei das Canecas","article_publisher":"https:\/\/www.facebook.com\/reidascanecasfloripa\/","article_modified_time":"2022-05-26T12:16:03+00:00","og_image":[{"width":200,"height":150,"url":"https:\/\/reidascanecas.net.br\/loja\/wp-content\/uploads\/2020\/03\/logo-scaled-e1585273969550.jpg","type":"image\/jpeg"}],"twitter_card":"summary_large_image","twitter_misc":{"Est. tempo de leitura":"8 minutos"},"schema":{"@context":"https:\/\/schema.org","@graph":[{"@type":"WebPage","@id":"https:\/\/reidascanecas.net.br\/loja\/politica-de-privacidade\/","url":"https:\/\/reidascanecas.net.br\/loja\/politica-de-privacidade\/","name":"Pol\u00edtica de privacidade - Rei das Canecas","isPartOf":{"@id":"https:\/\/reidascanecas.net.br\/loja\/#website"},"datePublished":"2020-03-25T16:45:26+00:00","dateModified":"2022-05-26T12:16:03+00:00","description":"Canecas personalizadas, squeezes personalizados, copos long drink personalizados, voc\u00ea encontra aqui. Solicite j\u00e1 seu or\u00e7amento.","breadcrumb":{"@id":"https:\/\/reidascanecas.net.br\/loja\/politica-de-privacidade\/#breadcrumb"},"inLanguage":"pt-BR","potentialAction":[{"@type":"ReadAction","target":["https:\/\/reidascanecas.net.br\/loja\/politica-de-privacidade\/"]}]},{"@type":"BreadcrumbList","@id":"https:\/\/reidascanecas.net.br\/loja\/politica-de-privacidade\/#breadcrumb","itemListElement":[{"@type":"ListItem","position":1,"name":"In\u00edcio","item":"https:\/\/reidascanecas.net.br\/loja\/"},{"@type":"ListItem","position":2,"name":"Pol\u00edtica de privacidade"}]},{"@type":"WebSite","@id":"https:\/\/reidascanecas.net.br\/loja\/#website","url":"https:\/\/reidascanecas.net.br\/loja\/","name":"Rei das Canecas","description":"","publisher":{"@id":"https:\/\/reidascanecas.net.br\/loja\/#organization"},"potentialAction":[{"@type":"SearchAction","target":{"@type":"EntryPoint","urlTemplate":"https:\/\/reidascanecas.net.br\/loja\/?s={search_term_string}"},"query-input":{"@type":"PropertyValueSpecification","valueRequired":true,"valueName":"search_term_string"}}],"inLanguage":"pt-BR"},{"@type":"Organization","@id":"https:\/\/reidascanecas.net.br\/loja\/#organization","name":"Rei das Canecas","url":"https:\/\/reidascanecas.net.br\/loja\/","logo":{"@type":"ImageObject","inLanguage":"pt-BR","@id":"https:\/\/reidascanecas.net.br\/loja\/#\/schema\/logo\/image\/","url":"https:\/\/reidascanecas.net.br\/novo\/wp-content\/uploads\/2020\/03\/logo-scaled-e1585273969550.jpg","contentUrl":"https:\/\/reidascanecas.net.br\/novo\/wp-content\/uploads\/2020\/03\/logo-scaled-e1585273969550.jpg","width":200,"height":150,"caption":"Rei das Canecas"},"image":{"@id":"https:\/\/reidascanecas.net.br\/loja\/#\/schema\/logo\/image\/"},"sameAs":["https:\/\/www.facebook.com\/reidascanecasfloripa\/"]}]}},"_links":{"self":[{"href":"https:\/\/reidascanecas.net.br\/loja\/wp-json\/wp\/v2\/pages\/3","targetHints":{"allow":["GET"]}}],"collection":[{"href":"https:\/\/reidascanecas.net.br\/loja\/wp-json\/wp\/v2\/pages"}],"about":[{"href":"https:\/\/reidascanecas.net.br\/loja\/wp-json\/wp\/v2\/types\/page"}],"author":[{"embeddable":true,"href":"https:\/\/reidascanecas.net.br\/loja\/wp-json\/wp\/v2\/users\/1"}],"replies":[{"embeddable":true,"href":"https:\/\/reidascanecas.net.br\/loja\/wp-json\/wp\/v2\/comments?post=3"}],"version-history":[{"count":2,"href":"https:\/\/reidascanecas.net.br\/loja\/wp-json\/wp\/v2\/pages\/3\/revisions"}],"predecessor-version":[{"id":2772,"href":"https:\/\/reidascanecas.net.br\/loja\/wp-json\/wp\/v2\/pages\/3\/revisions\/2772"}],"wp:attachment":[{"href":"https:\/\/reidascanecas.net.br\/loja\/wp-json\/wp\/v2\/media?parent=3"}],"curies":[{"name":"wp","href":"https:\/\/api.w.org\/{rel}","templated":true}]}}