{"id":2688,"date":"2022-05-20T15:47:54","date_gmt":"2022-05-20T18:47:54","guid":{"rendered":"https:\/\/reidascanecas.net.br\/loja\/?page_id=2688"},"modified":"2022-08-01T09:45:55","modified_gmt":"2022-08-01T12:45:55","slug":"orcamento","status":"publish","type":"page","link":"https:\/\/reidascanecas.net.br\/loja\/orcamento\/","title":{"rendered":"Or\u00e7amento"},"content":{"rendered":"\t\t<div data-elementor-type=\"wp-page\" data-elementor-id=\"2688\" class=\"elementor elementor-2688\">\n\t\t\t\t\t\t<section class=\"elementor-section elementor-top-section elementor-element elementor-element-9a8766f elementor-section-boxed elementor-section-height-default elementor-section-height-default\" data-id=\"9a8766f\" data-element_type=\"section\" data-e-type=\"section\">\n\t\t\t\t\t\t<div class=\"elementor-container elementor-column-gap-default\">\n\t\t\t\t\t<div class=\"elementor-column elementor-col-100 elementor-top-column elementor-element elementor-element-1d913aa\" data-id=\"1d913aa\" data-element_type=\"column\" data-e-type=\"column\">\n\t\t\t<div class=\"elementor-widget-wrap elementor-element-populated\">\n\t\t\t\t\t\t<div class=\"elementor-element elementor-element-ae212c5 elementor-widget elementor-widget-text-editor\" data-id=\"ae212c5\" data-element_type=\"widget\" data-e-type=\"widget\" data-widget_type=\"text-editor.default\">\n\t\t\t\t\t\t\t\t\t<p>Est\u00e1 precisando de uma quantidade maior para seu evento, sua empresa, escola ou qualquer outro motivo?<\/p><p>Solicite j\u00e1 um or\u00e7amento atrav\u00e9s do formul\u00e1rio abaixo, ou entre em contato atrav\u00e9s de nosso email: contato@reidascanecas.net.br, telefone: 48 3365-4500 ou ainda nosso WhatsApp: 48 99145-0372. Nosso hor\u00e1rio de atendimento \u00e9: de segunda a sexta feira das 8hs \u00e0s 12hs &#8211; 13:30hs \u00e0s 17:30hs.<\/p>\t\t\t\t\t\t\t\t<\/div>\n\t\t\t\t\t<\/div>\n\t\t<\/div>\n\t\t\t\t\t<\/div>\n\t\t<\/section>\n\t\t\t\t<section class=\"elementor-section elementor-top-section elementor-element elementor-element-19dc940 elementor-section-boxed elementor-section-height-default elementor-section-height-default\" data-id=\"19dc940\" data-element_type=\"section\" data-e-type=\"section\">\n\t\t\t\t\t\t<div class=\"elementor-container elementor-column-gap-default\">\n\t\t\t\t\t<div class=\"elementor-column elementor-col-100 elementor-top-column elementor-element elementor-element-527e626\" data-id=\"527e626\" data-element_type=\"column\" data-e-type=\"column\">\n\t\t\t<div class=\"elementor-widget-wrap elementor-element-populated\">\n\t\t\t\t\t\t<div class=\"elementor-element elementor-element-dfbb4d2 elementor-widget elementor-widget-text-editor\" data-id=\"dfbb4d2\" data-element_type=\"widget\" data-e-type=\"widget\" data-widget_type=\"text-editor.default\">\n\t\t\t\t\t\t\t\t\t\n<div class=\"wpcf7 no-js\" id=\"wpcf7-f1862-o1\" lang=\"pt-BR\" dir=\"ltr\" data-wpcf7-id=\"1862\">\n<div class=\"screen-reader-response\"><p role=\"status\" aria-live=\"polite\" aria-atomic=\"true\"><\/p> <ul><\/ul><\/div>\n<form action=\"\/loja\/wp-json\/wp\/v2\/pages\/2688#wpcf7-f1862-o1\" method=\"post\" class=\"wpcf7-form init\" aria-label=\"Formul\u00e1rios de contato\" enctype=\"multipart\/form-data\" novalidate=\"novalidate\" data-status=\"init\">\n<fieldset class=\"hidden-fields-container\"><input type=\"hidden\" name=\"_wpcf7\" value=\"1862\" \/><input type=\"hidden\" name=\"_wpcf7_version\" value=\"6.1.5\" \/><input type=\"hidden\" name=\"_wpcf7_locale\" value=\"pt_BR\" \/><input type=\"hidden\" name=\"_wpcf7_unit_tag\" value=\"wpcf7-f1862-o1\" \/><input type=\"hidden\" name=\"_wpcf7_container_post\" value=\"0\" \/><input type=\"hidden\" name=\"_wpcf7_posted_data_hash\" value=\"\" \/>\n<\/fieldset>\n<p><label> Seu nome (obrigat\u00f3rio):<span class=\"wpcf7-form-control-wrap\" data-name=\"nome\"><input size=\"40\" maxlength=\"400\" class=\"wpcf7-form-control wpcf7-text wpcf7-validates-as-required\" aria-required=\"true\" aria-invalid=\"false\" value=\"\" type=\"text\" name=\"nome\" \/><\/span> <\/label><label> Telefone (obrigat\u00f3rio): <span class=\"wpcf7-form-control-wrap\" data-name=\"telefone\"><input size=\"40\" maxlength=\"400\" class=\"wpcf7-form-control wpcf7-tel wpcf7-validates-as-required wpcf7-text wpcf7-validates-as-tel\" aria-required=\"true\" aria-invalid=\"false\" value=\"\" type=\"tel\" name=\"telefone\" \/><\/span> <\/label>\n<\/p>\n<p><label> E-mail (obrigat\u00f3rio): <span class=\"wpcf7-form-control-wrap\" data-name=\"email\"><input size=\"40\" maxlength=\"400\" class=\"wpcf7-form-control wpcf7-email wpcf7-validates-as-required wpcf7-text wpcf7-validates-as-email\" aria-required=\"true\" aria-invalid=\"false\" value=\"\" type=\"email\" name=\"email\" \/><\/span> <\/label><label> Empresa: <span class=\"wpcf7-form-control-wrap\" data-name=\"empresa\"><input size=\"40\" maxlength=\"400\" class=\"wpcf7-form-control wpcf7-text\" aria-invalid=\"false\" value=\"\" type=\"text\" name=\"empresa\" \/><\/span> <\/label>\n<\/p>\n<p><label> Endere\u00e7o Completo (obrigat\u00f3rio): <span class=\"wpcf7-form-control-wrap\" data-name=\"endereco\"><input size=\"40\" maxlength=\"400\" class=\"wpcf7-form-control wpcf7-text wpcf7-validates-as-required\" aria-required=\"true\" aria-invalid=\"false\" value=\"\" type=\"text\" name=\"endereco\" \/><\/span> <\/label><label> Cidade\/Estado (obrigat\u00f3rio): <span class=\"wpcf7-form-control-wrap\" data-name=\"cidade\"><input size=\"40\" maxlength=\"400\" class=\"wpcf7-form-control wpcf7-text wpcf7-validates-as-required\" aria-required=\"true\" aria-invalid=\"false\" value=\"\" type=\"text\" name=\"cidade\" \/><\/span> <\/label>\n<\/p>\n<p><label> Qual produto deseja or\u00e7amento:(obrigat\u00f3rio): <span class=\"wpcf7-form-control-wrap\" data-name=\"produto\"><input size=\"40\" maxlength=\"400\" class=\"wpcf7-form-control wpcf7-text wpcf7-validates-as-required\" aria-required=\"true\" aria-invalid=\"false\" value=\"\" type=\"text\" name=\"produto\" \/><\/span> <\/label><label> Quantidade (obrigat\u00f3rio): <span class=\"wpcf7-form-control-wrap\" data-name=\"quantidade\"><input size=\"40\" maxlength=\"400\" class=\"wpcf7-form-control wpcf7-text wpcf7-validates-as-required\" aria-required=\"true\" aria-invalid=\"false\" value=\"\" type=\"text\" name=\"quantidade\" \/><\/span> <\/label>\n<\/p>\n<p><label> Voc\u00ea pode enviar um arquivo de modelo<br \/>\n<span class=\"wpcf7-form-control-wrap\" data-name=\"arquivo\"><input size=\"40\" class=\"wpcf7-form-control wpcf7-file\" accept=\".pdf,.jpg,.png,.jpeg\" aria-invalid=\"false\" type=\"file\" name=\"arquivo\" \/><\/span><\/label>\n<\/p>\n<p><label> Observa\u00e7\u00e3o:<span class=\"wpcf7-form-control-wrap\" data-name=\"observacao\"><textarea cols=\"40\" rows=\"10\" maxlength=\"2000\" class=\"wpcf7-form-control wpcf7-textarea\" aria-invalid=\"false\" name=\"observacao\"><\/textarea><\/span> <\/label>\n<\/p>\n<p><input class=\"wpcf7-form-control wpcf7-submit has-spinner\" type=\"submit\" value=\"Enviar\" \/>\n<\/p><div class=\"wpcf7-response-output\" aria-hidden=\"true\"><\/div>\n<\/form>\n<\/div>\n\t\t\t\t\t\t\t\t<\/div>\n\t\t\t\t\t<\/div>\n\t\t<\/div>\n\t\t\t\t\t<\/div>\n\t\t<\/section>\n\t\t\t\t<\/div>\n\t\t","protected":false},"excerpt":{"rendered":"<p>Est\u00e1 precisando de uma quantidade maior para seu evento, sua empresa, escola ou qualquer outro motivo? Solicite j\u00e1 um or\u00e7amento&hellip;<\/p>\n","protected":false},"author":1,"featured_media":0,"parent":0,"menu_order":0,"comment_status":"closed","ping_status":"closed","template":"template-parts\/template-page-builders.php","meta":{"_exactmetrics_skip_tracking":false,"_exactmetrics_sitenote_active":false,"_exactmetrics_sitenote_note":"","_exactmetrics_sitenote_category":0,"_joinchat":[],"footnotes":""},"class_list":["post-2688","page","type-page","status-publish","hentry"],"yoast_head":"<!-- This site is optimized with the Yoast SEO plugin v27.6 - https:\/\/yoast.com\/product\/yoast-seo-wordpress\/ -->\n<title>Or\u00e7amento - Rei das Canecas<\/title>\n<meta name=\"description\" content=\"Canecas personalizadas, squeezes personalizados, copos long drink personalizados, voc\u00ea encontra aqui. Solicite j\u00e1 seu or\u00e7amento.\" \/>\n<meta name=\"robots\" content=\"index, follow, max-snippet:-1, max-image-preview:large, max-video-preview:-1\" \/>\n<link rel=\"canonical\" href=\"https:\/\/reidascanecas.net.br\/loja\/orcamento\/\" \/>\n<meta property=\"og:locale\" content=\"pt_BR\" \/>\n<meta property=\"og:type\" content=\"article\" \/>\n<meta property=\"og:title\" content=\"Or\u00e7amento - Rei das Canecas\" \/>\n<meta property=\"og:description\" content=\"Canecas personalizadas, squeezes personalizados, copos long drink personalizados, voc\u00ea encontra aqui. Solicite j\u00e1 seu or\u00e7amento.\" \/>\n<meta property=\"og:url\" content=\"https:\/\/reidascanecas.net.br\/loja\/orcamento\/\" \/>\n<meta property=\"og:site_name\" content=\"Rei das Canecas\" \/>\n<meta property=\"article:publisher\" content=\"https:\/\/www.facebook.com\/reidascanecasfloripa\/\" \/>\n<meta property=\"article:modified_time\" content=\"2022-08-01T12:45:55+00:00\" \/>\n<meta property=\"og:image\" content=\"https:\/\/reidascanecas.net.br\/loja\/wp-content\/uploads\/2020\/03\/logo-scaled-e1585273969550.jpg\" \/>\n\t<meta property=\"og:image:width\" content=\"200\" \/>\n\t<meta property=\"og:image:height\" content=\"150\" \/>\n\t<meta property=\"og:image:type\" content=\"image\/jpeg\" \/>\n<meta name=\"twitter:card\" content=\"summary_large_image\" \/>\n<meta name=\"twitter:label1\" content=\"Est. tempo de leitura\" \/>\n\t<meta name=\"twitter:data1\" content=\"1 minuto\" \/>\n<script type=\"application\/ld+json\" class=\"yoast-schema-graph\">{\"@context\":\"https:\\\/\\\/schema.org\",\"@graph\":[{\"@type\":\"WebPage\",\"@id\":\"https:\\\/\\\/reidascanecas.net.br\\\/loja\\\/orcamento\\\/\",\"url\":\"https:\\\/\\\/reidascanecas.net.br\\\/loja\\\/orcamento\\\/\",\"name\":\"Or\u00e7amento - Rei das Canecas\",\"isPartOf\":{\"@id\":\"https:\\\/\\\/reidascanecas.net.br\\\/loja\\\/#website\"},\"datePublished\":\"2022-05-20T18:47:54+00:00\",\"dateModified\":\"2022-08-01T12:45:55+00:00\",\"description\":\"Canecas personalizadas, squeezes personalizados, copos long drink personalizados, voc\u00ea encontra aqui. Solicite j\u00e1 seu or\u00e7amento.\",\"breadcrumb\":{\"@id\":\"https:\\\/\\\/reidascanecas.net.br\\\/loja\\\/orcamento\\\/#breadcrumb\"},\"inLanguage\":\"pt-BR\",\"potentialAction\":[{\"@type\":\"ReadAction\",\"target\":[\"https:\\\/\\\/reidascanecas.net.br\\\/loja\\\/orcamento\\\/\"]}]},{\"@type\":\"BreadcrumbList\",\"@id\":\"https:\\\/\\\/reidascanecas.net.br\\\/loja\\\/orcamento\\\/#breadcrumb\",\"itemListElement\":[{\"@type\":\"ListItem\",\"position\":1,\"name\":\"In\u00edcio\",\"item\":\"https:\\\/\\\/reidascanecas.net.br\\\/loja\\\/\"},{\"@type\":\"ListItem\",\"position\":2,\"name\":\"Or\u00e7amento\"}]},{\"@type\":\"WebSite\",\"@id\":\"https:\\\/\\\/reidascanecas.net.br\\\/loja\\\/#website\",\"url\":\"https:\\\/\\\/reidascanecas.net.br\\\/loja\\\/\",\"name\":\"Rei das Canecas\",\"description\":\"\",\"publisher\":{\"@id\":\"https:\\\/\\\/reidascanecas.net.br\\\/loja\\\/#organization\"},\"potentialAction\":[{\"@type\":\"SearchAction\",\"target\":{\"@type\":\"EntryPoint\",\"urlTemplate\":\"https:\\\/\\\/reidascanecas.net.br\\\/loja\\\/?s={search_term_string}\"},\"query-input\":{\"@type\":\"PropertyValueSpecification\",\"valueRequired\":true,\"valueName\":\"search_term_string\"}}],\"inLanguage\":\"pt-BR\"},{\"@type\":\"Organization\",\"@id\":\"https:\\\/\\\/reidascanecas.net.br\\\/loja\\\/#organization\",\"name\":\"Rei das Canecas\",\"url\":\"https:\\\/\\\/reidascanecas.net.br\\\/loja\\\/\",\"logo\":{\"@type\":\"ImageObject\",\"inLanguage\":\"pt-BR\",\"@id\":\"https:\\\/\\\/reidascanecas.net.br\\\/loja\\\/#\\\/schema\\\/logo\\\/image\\\/\",\"url\":\"https:\\\/\\\/reidascanecas.net.br\\\/novo\\\/wp-content\\\/uploads\\\/2020\\\/03\\\/logo-scaled-e1585273969550.jpg\",\"contentUrl\":\"https:\\\/\\\/reidascanecas.net.br\\\/novo\\\/wp-content\\\/uploads\\\/2020\\\/03\\\/logo-scaled-e1585273969550.jpg\",\"width\":200,\"height\":150,\"caption\":\"Rei das Canecas\"},\"image\":{\"@id\":\"https:\\\/\\\/reidascanecas.net.br\\\/loja\\\/#\\\/schema\\\/logo\\\/image\\\/\"},\"sameAs\":[\"https:\\\/\\\/www.facebook.com\\\/reidascanecasfloripa\\\/\"]}]}<\/script>\n<!-- \/ Yoast SEO plugin. -->","yoast_head_json":{"title":"Or\u00e7amento - Rei das Canecas","description":"Canecas personalizadas, squeezes personalizados, copos long drink personalizados, voc\u00ea encontra aqui. Solicite j\u00e1 seu or\u00e7amento.","robots":{"index":"index","follow":"follow","max-snippet":"max-snippet:-1","max-image-preview":"max-image-preview:large","max-video-preview":"max-video-preview:-1"},"canonical":"https:\/\/reidascanecas.net.br\/loja\/orcamento\/","og_locale":"pt_BR","og_type":"article","og_title":"Or\u00e7amento - Rei das Canecas","og_description":"Canecas personalizadas, squeezes personalizados, copos long drink personalizados, voc\u00ea encontra aqui. Solicite j\u00e1 seu or\u00e7amento.","og_url":"https:\/\/reidascanecas.net.br\/loja\/orcamento\/","og_site_name":"Rei das Canecas","article_publisher":"https:\/\/www.facebook.com\/reidascanecasfloripa\/","article_modified_time":"2022-08-01T12:45:55+00:00","og_image":[{"width":200,"height":150,"url":"https:\/\/reidascanecas.net.br\/loja\/wp-content\/uploads\/2020\/03\/logo-scaled-e1585273969550.jpg","type":"image\/jpeg"}],"twitter_card":"summary_large_image","twitter_misc":{"Est. tempo de leitura":"1 minuto"},"schema":{"@context":"https:\/\/schema.org","@graph":[{"@type":"WebPage","@id":"https:\/\/reidascanecas.net.br\/loja\/orcamento\/","url":"https:\/\/reidascanecas.net.br\/loja\/orcamento\/","name":"Or\u00e7amento - Rei das Canecas","isPartOf":{"@id":"https:\/\/reidascanecas.net.br\/loja\/#website"},"datePublished":"2022-05-20T18:47:54+00:00","dateModified":"2022-08-01T12:45:55+00:00","description":"Canecas personalizadas, squeezes personalizados, copos long drink personalizados, voc\u00ea encontra aqui. Solicite j\u00e1 seu or\u00e7amento.","breadcrumb":{"@id":"https:\/\/reidascanecas.net.br\/loja\/orcamento\/#breadcrumb"},"inLanguage":"pt-BR","potentialAction":[{"@type":"ReadAction","target":["https:\/\/reidascanecas.net.br\/loja\/orcamento\/"]}]},{"@type":"BreadcrumbList","@id":"https:\/\/reidascanecas.net.br\/loja\/orcamento\/#breadcrumb","itemListElement":[{"@type":"ListItem","position":1,"name":"In\u00edcio","item":"https:\/\/reidascanecas.net.br\/loja\/"},{"@type":"ListItem","position":2,"name":"Or\u00e7amento"}]},{"@type":"WebSite","@id":"https:\/\/reidascanecas.net.br\/loja\/#website","url":"https:\/\/reidascanecas.net.br\/loja\/","name":"Rei das Canecas","description":"","publisher":{"@id":"https:\/\/reidascanecas.net.br\/loja\/#organization"},"potentialAction":[{"@type":"SearchAction","target":{"@type":"EntryPoint","urlTemplate":"https:\/\/reidascanecas.net.br\/loja\/?s={search_term_string}"},"query-input":{"@type":"PropertyValueSpecification","valueRequired":true,"valueName":"search_term_string"}}],"inLanguage":"pt-BR"},{"@type":"Organization","@id":"https:\/\/reidascanecas.net.br\/loja\/#organization","name":"Rei das Canecas","url":"https:\/\/reidascanecas.net.br\/loja\/","logo":{"@type":"ImageObject","inLanguage":"pt-BR","@id":"https:\/\/reidascanecas.net.br\/loja\/#\/schema\/logo\/image\/","url":"https:\/\/reidascanecas.net.br\/novo\/wp-content\/uploads\/2020\/03\/logo-scaled-e1585273969550.jpg","contentUrl":"https:\/\/reidascanecas.net.br\/novo\/wp-content\/uploads\/2020\/03\/logo-scaled-e1585273969550.jpg","width":200,"height":150,"caption":"Rei das Canecas"},"image":{"@id":"https:\/\/reidascanecas.net.br\/loja\/#\/schema\/logo\/image\/"},"sameAs":["https:\/\/www.facebook.com\/reidascanecasfloripa\/"]}]}},"_links":{"self":[{"href":"https:\/\/reidascanecas.net.br\/loja\/wp-json\/wp\/v2\/pages\/2688","targetHints":{"allow":["GET"]}}],"collection":[{"href":"https:\/\/reidascanecas.net.br\/loja\/wp-json\/wp\/v2\/pages"}],"about":[{"href":"https:\/\/reidascanecas.net.br\/loja\/wp-json\/wp\/v2\/types\/page"}],"author":[{"embeddable":true,"href":"https:\/\/reidascanecas.net.br\/loja\/wp-json\/wp\/v2\/users\/1"}],"replies":[{"embeddable":true,"href":"https:\/\/reidascanecas.net.br\/loja\/wp-json\/wp\/v2\/comments?post=2688"}],"version-history":[{"count":17,"href":"https:\/\/reidascanecas.net.br\/loja\/wp-json\/wp\/v2\/pages\/2688\/revisions"}],"predecessor-version":[{"id":3003,"href":"https:\/\/reidascanecas.net.br\/loja\/wp-json\/wp\/v2\/pages\/2688\/revisions\/3003"}],"wp:attachment":[{"href":"https:\/\/reidascanecas.net.br\/loja\/wp-json\/wp\/v2\/media?parent=2688"}],"curies":[{"name":"wp","href":"https:\/\/api.w.org\/{rel}","templated":true}]}}