{"id":2586,"date":"2022-05-26T09:41:42","date_gmt":"2022-05-26T12:41:42","guid":{"rendered":"https:\/\/reidascanecas.net.br\/loja\/?page_id=2586"},"modified":"2022-05-26T09:53:19","modified_gmt":"2022-05-26T12:53:19","slug":"termos-e-condicoes","status":"publish","type":"page","link":"https:\/\/reidascanecas.net.br\/loja\/termos-e-condicoes\/","title":{"rendered":"Termos e Condi\u00e7\u00f5es"},"content":{"rendered":"<div id=\"main-content\" class=\"ts-col-24\">\n<div id=\"primary\" class=\"site-content\">\n<article id=\"post-178\" class=\"post-178 page type-page status-publish hentry\">\n<h2>ENTREGA<\/h2>\n<p>O Rei das Canecas se compromete a entregar o produto em perfeito estado, na localidade que o Usu\u00e1rio indique no formul\u00e1rio de pedido, e que em todo caso dever\u00e1 necessariamente estar compreendida dentro do Territ\u00f3rio Nacional.<\/p>\n<p>Com a finalidade de melhorar a entrega, agradecemos ao Usu\u00e1rio que indique um endere\u00e7o no qual o pedido possa ser entregue dentro do hor\u00e1rio de trabalho comercial. O Rei das Canecas n\u00e3o ser\u00e1 respons\u00e1vel pelos erros causados na entrega, quando o endere\u00e7o indicado pelo Usu\u00e1rio no formul\u00e1rio de pedido n\u00e3o corresponda com a realidade, ou tenha sido omitido, sendo assim, solicitamos ao o Usu\u00e1rio muita aten\u00e7\u00e3o ao preencher os dados de entrega.<\/p>\n<p>Caso tenhamos que reenviar o pedido por conta do preenchimento errado do endere\u00e7o de entrega, este reenvio ser\u00e1 cobrado novamente.<\/p>\n<h2><strong>TROCAS E DEVOLU\u00c7\u00d5ES<\/strong><\/h2>\n<p>A garantia dos nossos produtos s\u00e3o somente contra defeito de fabrica\u00e7\u00e3o, produtos quebrados durante o transporte, erros na impress\u00e3o por parte do Rei das Canecas.<\/p>\n<p>Com o objetivo de facilitar a devolu\u00e7\u00e3o de um produto e realizar um correto acompanhamento da mesma, o Rei das Canecas coloca \u00e0 sua disposi\u00e7\u00e3o o e-mail comercial@reidascanecas.net.br para realizar esta opera\u00e7\u00e3o. A devolu\u00e7\u00e3o dos produtos no prazo e condi\u00e7\u00f5es estipuladas, garante o direito ao reembolso do valor das pe\u00e7as e do frete correspondente.<\/p>\n<h2><strong>PAGAMENTOS E PRE\u00c7OS<\/strong><\/h2>\n<p>Todos os pre\u00e7os dos produtos indicados atrav\u00e9s da Loja Virtual incluem eventuais impostos que possam incidir na venda. No entanto, nestes pre\u00e7os n\u00e3o est\u00e3o inclu\u00eddos os gastos correspondentes ao envio (frete) dos produtos que s\u00e3o cobrados \u00e0 parte e devem ser aceitos pelo Usu\u00e1rio. O Usu\u00e1rio compromete-se a pagar no momento em que realiza o pedido, ao pre\u00e7o inicial que conste no site, para cada um dos produtos oferecidos ser\u00e3o somadas as tarifas correspondentes aos gastos de envio (frete) pertinentes. Em qualquer caso, tais tarifas ser\u00e3o comunicadas previamente ao Usu\u00e1rio, antes de realizar a compra. O Usu\u00e1rio dever\u00e1 pagar o valor correspondente a seu pedido atrav\u00e9s do Pix, cart\u00e3o de cr\u00e9dito ou boleto banc\u00e1rio. O Usu\u00e1rio dever\u00e1 notificar o Rei das Canecas qualquer encargo abusivo ou fraudulento do cart\u00e3o utilizado para compras via e-mail ou telefone, no menor prazo de tempo poss\u00edvel, para que n\u00f3s possamos tomar as medidas necess\u00e1rias.<\/p>\n<\/article>\n<\/div>\n<\/div>\n","protected":false},"excerpt":{"rendered":"<p>ENTREGA O Rei das Canecas se compromete a entregar o produto em perfeito estado, na localidade que o Usu\u00e1rio indique&hellip;<\/p>\n","protected":false},"author":1,"featured_media":0,"parent":0,"menu_order":0,"comment_status":"closed","ping_status":"closed","template":"","meta":{"_exactmetrics_skip_tracking":false,"_exactmetrics_sitenote_active":false,"_exactmetrics_sitenote_note":"","_exactmetrics_sitenote_category":0,"_joinchat":[],"footnotes":""},"class_list":["post-2586","page","type-page","status-publish","hentry"],"yoast_head":"<!-- This site is optimized with the Yoast SEO plugin v27.6 - https:\/\/yoast.com\/product\/yoast-seo-wordpress\/ -->\n<title>Termos e Condi\u00e7\u00f5es - Rei das Canecas<\/title>\n<meta name=\"description\" content=\"Canecas personalizadas, squeezes personalizados, copos long drink personalizados, voc\u00ea encontra aqui. Solicite j\u00e1 seu or\u00e7amento.\" \/>\n<meta name=\"robots\" content=\"index, follow, max-snippet:-1, max-image-preview:large, max-video-preview:-1\" \/>\n<link rel=\"canonical\" href=\"https:\/\/reidascanecas.net.br\/loja\/termos-e-condicoes\/\" \/>\n<meta property=\"og:locale\" content=\"pt_BR\" \/>\n<meta property=\"og:type\" content=\"article\" \/>\n<meta property=\"og:title\" content=\"Termos e Condi\u00e7\u00f5es - Rei das Canecas\" \/>\n<meta property=\"og:description\" content=\"Canecas personalizadas, squeezes personalizados, copos long drink personalizados, voc\u00ea encontra aqui. Solicite j\u00e1 seu or\u00e7amento.\" \/>\n<meta property=\"og:url\" content=\"https:\/\/reidascanecas.net.br\/loja\/termos-e-condicoes\/\" \/>\n<meta property=\"og:site_name\" content=\"Rei das Canecas\" \/>\n<meta property=\"article:publisher\" content=\"https:\/\/www.facebook.com\/reidascanecasfloripa\/\" \/>\n<meta property=\"article:modified_time\" content=\"2022-05-26T12:53:19+00:00\" \/>\n<meta property=\"og:image\" content=\"https:\/\/reidascanecas.net.br\/loja\/wp-content\/uploads\/2020\/03\/logo-scaled-e1585273969550.jpg\" \/>\n\t<meta property=\"og:image:width\" content=\"200\" \/>\n\t<meta property=\"og:image:height\" content=\"150\" \/>\n\t<meta property=\"og:image:type\" content=\"image\/jpeg\" \/>\n<meta name=\"twitter:card\" content=\"summary_large_image\" \/>\n<meta name=\"twitter:label1\" content=\"Est. tempo de leitura\" \/>\n\t<meta name=\"twitter:data1\" content=\"2 minutos\" \/>\n<script type=\"application\/ld+json\" class=\"yoast-schema-graph\">{\"@context\":\"https:\\\/\\\/schema.org\",\"@graph\":[{\"@type\":\"WebPage\",\"@id\":\"https:\\\/\\\/reidascanecas.net.br\\\/loja\\\/termos-e-condicoes\\\/\",\"url\":\"https:\\\/\\\/reidascanecas.net.br\\\/loja\\\/termos-e-condicoes\\\/\",\"name\":\"Termos e Condi\u00e7\u00f5es - Rei das Canecas\",\"isPartOf\":{\"@id\":\"https:\\\/\\\/reidascanecas.net.br\\\/loja\\\/#website\"},\"datePublished\":\"2022-05-26T12:41:42+00:00\",\"dateModified\":\"2022-05-26T12:53:19+00:00\",\"description\":\"Canecas personalizadas, squeezes personalizados, copos long drink personalizados, voc\u00ea encontra aqui. Solicite j\u00e1 seu or\u00e7amento.\",\"breadcrumb\":{\"@id\":\"https:\\\/\\\/reidascanecas.net.br\\\/loja\\\/termos-e-condicoes\\\/#breadcrumb\"},\"inLanguage\":\"pt-BR\",\"potentialAction\":[{\"@type\":\"ReadAction\",\"target\":[\"https:\\\/\\\/reidascanecas.net.br\\\/loja\\\/termos-e-condicoes\\\/\"]}]},{\"@type\":\"BreadcrumbList\",\"@id\":\"https:\\\/\\\/reidascanecas.net.br\\\/loja\\\/termos-e-condicoes\\\/#breadcrumb\",\"itemListElement\":[{\"@type\":\"ListItem\",\"position\":1,\"name\":\"In\u00edcio\",\"item\":\"https:\\\/\\\/reidascanecas.net.br\\\/loja\\\/\"},{\"@type\":\"ListItem\",\"position\":2,\"name\":\"Termos e Condi\u00e7\u00f5es\"}]},{\"@type\":\"WebSite\",\"@id\":\"https:\\\/\\\/reidascanecas.net.br\\\/loja\\\/#website\",\"url\":\"https:\\\/\\\/reidascanecas.net.br\\\/loja\\\/\",\"name\":\"Rei das Canecas\",\"description\":\"\",\"publisher\":{\"@id\":\"https:\\\/\\\/reidascanecas.net.br\\\/loja\\\/#organization\"},\"potentialAction\":[{\"@type\":\"SearchAction\",\"target\":{\"@type\":\"EntryPoint\",\"urlTemplate\":\"https:\\\/\\\/reidascanecas.net.br\\\/loja\\\/?s={search_term_string}\"},\"query-input\":{\"@type\":\"PropertyValueSpecification\",\"valueRequired\":true,\"valueName\":\"search_term_string\"}}],\"inLanguage\":\"pt-BR\"},{\"@type\":\"Organization\",\"@id\":\"https:\\\/\\\/reidascanecas.net.br\\\/loja\\\/#organization\",\"name\":\"Rei das Canecas\",\"url\":\"https:\\\/\\\/reidascanecas.net.br\\\/loja\\\/\",\"logo\":{\"@type\":\"ImageObject\",\"inLanguage\":\"pt-BR\",\"@id\":\"https:\\\/\\\/reidascanecas.net.br\\\/loja\\\/#\\\/schema\\\/logo\\\/image\\\/\",\"url\":\"https:\\\/\\\/reidascanecas.net.br\\\/novo\\\/wp-content\\\/uploads\\\/2020\\\/03\\\/logo-scaled-e1585273969550.jpg\",\"contentUrl\":\"https:\\\/\\\/reidascanecas.net.br\\\/novo\\\/wp-content\\\/uploads\\\/2020\\\/03\\\/logo-scaled-e1585273969550.jpg\",\"width\":200,\"height\":150,\"caption\":\"Rei das Canecas\"},\"image\":{\"@id\":\"https:\\\/\\\/reidascanecas.net.br\\\/loja\\\/#\\\/schema\\\/logo\\\/image\\\/\"},\"sameAs\":[\"https:\\\/\\\/www.facebook.com\\\/reidascanecasfloripa\\\/\"]}]}<\/script>\n<!-- \/ Yoast SEO plugin. -->","yoast_head_json":{"title":"Termos e Condi\u00e7\u00f5es - Rei das Canecas","description":"Canecas personalizadas, squeezes personalizados, copos long drink personalizados, voc\u00ea encontra aqui. Solicite j\u00e1 seu or\u00e7amento.","robots":{"index":"index","follow":"follow","max-snippet":"max-snippet:-1","max-image-preview":"max-image-preview:large","max-video-preview":"max-video-preview:-1"},"canonical":"https:\/\/reidascanecas.net.br\/loja\/termos-e-condicoes\/","og_locale":"pt_BR","og_type":"article","og_title":"Termos e Condi\u00e7\u00f5es - Rei das Canecas","og_description":"Canecas personalizadas, squeezes personalizados, copos long drink personalizados, voc\u00ea encontra aqui. Solicite j\u00e1 seu or\u00e7amento.","og_url":"https:\/\/reidascanecas.net.br\/loja\/termos-e-condicoes\/","og_site_name":"Rei das Canecas","article_publisher":"https:\/\/www.facebook.com\/reidascanecasfloripa\/","article_modified_time":"2022-05-26T12:53:19+00:00","og_image":[{"width":200,"height":150,"url":"https:\/\/reidascanecas.net.br\/loja\/wp-content\/uploads\/2020\/03\/logo-scaled-e1585273969550.jpg","type":"image\/jpeg"}],"twitter_card":"summary_large_image","twitter_misc":{"Est. tempo de leitura":"2 minutos"},"schema":{"@context":"https:\/\/schema.org","@graph":[{"@type":"WebPage","@id":"https:\/\/reidascanecas.net.br\/loja\/termos-e-condicoes\/","url":"https:\/\/reidascanecas.net.br\/loja\/termos-e-condicoes\/","name":"Termos e Condi\u00e7\u00f5es - Rei das Canecas","isPartOf":{"@id":"https:\/\/reidascanecas.net.br\/loja\/#website"},"datePublished":"2022-05-26T12:41:42+00:00","dateModified":"2022-05-26T12:53:19+00:00","description":"Canecas personalizadas, squeezes personalizados, copos long drink personalizados, voc\u00ea encontra aqui. Solicite j\u00e1 seu or\u00e7amento.","breadcrumb":{"@id":"https:\/\/reidascanecas.net.br\/loja\/termos-e-condicoes\/#breadcrumb"},"inLanguage":"pt-BR","potentialAction":[{"@type":"ReadAction","target":["https:\/\/reidascanecas.net.br\/loja\/termos-e-condicoes\/"]}]},{"@type":"BreadcrumbList","@id":"https:\/\/reidascanecas.net.br\/loja\/termos-e-condicoes\/#breadcrumb","itemListElement":[{"@type":"ListItem","position":1,"name":"In\u00edcio","item":"https:\/\/reidascanecas.net.br\/loja\/"},{"@type":"ListItem","position":2,"name":"Termos e Condi\u00e7\u00f5es"}]},{"@type":"WebSite","@id":"https:\/\/reidascanecas.net.br\/loja\/#website","url":"https:\/\/reidascanecas.net.br\/loja\/","name":"Rei das Canecas","description":"","publisher":{"@id":"https:\/\/reidascanecas.net.br\/loja\/#organization"},"potentialAction":[{"@type":"SearchAction","target":{"@type":"EntryPoint","urlTemplate":"https:\/\/reidascanecas.net.br\/loja\/?s={search_term_string}"},"query-input":{"@type":"PropertyValueSpecification","valueRequired":true,"valueName":"search_term_string"}}],"inLanguage":"pt-BR"},{"@type":"Organization","@id":"https:\/\/reidascanecas.net.br\/loja\/#organization","name":"Rei das Canecas","url":"https:\/\/reidascanecas.net.br\/loja\/","logo":{"@type":"ImageObject","inLanguage":"pt-BR","@id":"https:\/\/reidascanecas.net.br\/loja\/#\/schema\/logo\/image\/","url":"https:\/\/reidascanecas.net.br\/novo\/wp-content\/uploads\/2020\/03\/logo-scaled-e1585273969550.jpg","contentUrl":"https:\/\/reidascanecas.net.br\/novo\/wp-content\/uploads\/2020\/03\/logo-scaled-e1585273969550.jpg","width":200,"height":150,"caption":"Rei das Canecas"},"image":{"@id":"https:\/\/reidascanecas.net.br\/loja\/#\/schema\/logo\/image\/"},"sameAs":["https:\/\/www.facebook.com\/reidascanecasfloripa\/"]}]}},"_links":{"self":[{"href":"https:\/\/reidascanecas.net.br\/loja\/wp-json\/wp\/v2\/pages\/2586","targetHints":{"allow":["GET"]}}],"collection":[{"href":"https:\/\/reidascanecas.net.br\/loja\/wp-json\/wp\/v2\/pages"}],"about":[{"href":"https:\/\/reidascanecas.net.br\/loja\/wp-json\/wp\/v2\/types\/page"}],"author":[{"embeddable":true,"href":"https:\/\/reidascanecas.net.br\/loja\/wp-json\/wp\/v2\/users\/1"}],"replies":[{"embeddable":true,"href":"https:\/\/reidascanecas.net.br\/loja\/wp-json\/wp\/v2\/comments?post=2586"}],"version-history":[{"count":2,"href":"https:\/\/reidascanecas.net.br\/loja\/wp-json\/wp\/v2\/pages\/2586\/revisions"}],"predecessor-version":[{"id":2783,"href":"https:\/\/reidascanecas.net.br\/loja\/wp-json\/wp\/v2\/pages\/2586\/revisions\/2783"}],"wp:attachment":[{"href":"https:\/\/reidascanecas.net.br\/loja\/wp-json\/wp\/v2\/media?parent=2586"}],"curies":[{"name":"wp","href":"https:\/\/api.w.org\/{rel}","templated":true}]}}