{"id":1823,"date":"2020-03-30T10:50:05","date_gmt":"2020-03-30T13:50:05","guid":{"rendered":"https:\/\/reidascanecas.net.br\/novo\/?page_id=1823"},"modified":"2022-05-26T09:52:44","modified_gmt":"2022-05-26T12:52:44","slug":"local-de-retirada","status":"publish","type":"page","link":"https:\/\/reidascanecas.net.br\/loja\/local-de-retirada\/","title":{"rendered":"Frete e Retirada"},"content":{"rendered":"<header class=\"entry-header\">\n<h1 class=\"entry-title\">Frete e Retirada<\/h1>\n<\/header>\n<div class=\"entry-content\">\n<p>Despachamos para todo o Brasil atrav\u00e9s dos Correios ou por transportadora.<\/p>\n<p style=\"text-align: left;\">E para voc\u00ea que mora em Florian\u00f3polis, Palho\u00e7a, S\u00e3o Jos\u00e9 e Bigua\u00e7u, a taxa de entrega \u00e9 fixa de R$15,00 ou o pedido pode ser retirada em nossa loja, na Servid\u00e3o Izabel Jo\u00e3o Jacinto, 34, Sambaqui \u2013 Florian\u00f3polis \u2013 SC:<\/p>\n<p style=\"text-align: center;\"><iframe style=\"border: 0;\" tabindex=\"0\" src=\"https:\/\/www.google.com\/maps\/embed?pb=!1m14!1m8!1m3!1d221.22254216002784!2d-48.51907666361269!3d-27.482933456310352!3m2!1i1024!2i768!4f13.1!3m3!1m2!1s0x952745d555b5976f%3A0x93a08c9b1a38f9d4!2sServid%C3%A3o%20Isabel%20Jo%C3%A3o%20Jacinto%2C%2034%20-%20Sambaqui%2C%20Florian%C3%B3polis%20-%20SC%2C%2088051-431%2C%20Brasil!5e0!3m2!1spt-BR!2sus!4v1585576345332!5m2!1spt-BR!2sus\" width=\"600\" height=\"450\" frameborder=\"0\" allowfullscreen=\"allowfullscreen\" aria-hidden=\"false\"><\/iframe><\/p>\n<\/div>\n","protected":false},"excerpt":{"rendered":"<p>Frete e Retirada Despachamos para todo o Brasil atrav\u00e9s dos Correios ou por transportadora. E para voc\u00ea que mora em&hellip;<\/p>\n","protected":false},"author":1,"featured_media":0,"parent":0,"menu_order":0,"comment_status":"closed","ping_status":"closed","template":"elementor_header_footer","meta":{"_exactmetrics_skip_tracking":false,"_exactmetrics_sitenote_active":false,"_exactmetrics_sitenote_note":"","_exactmetrics_sitenote_category":0,"_joinchat":[],"footnotes":""},"class_list":["post-1823","page","type-page","status-publish","hentry"],"yoast_head":"<!-- This site is optimized with the Yoast SEO plugin v27.6 - https:\/\/yoast.com\/product\/yoast-seo-wordpress\/ -->\n<title>Frete e Retirada - Rei das Canecas<\/title>\n<meta name=\"description\" content=\"Canecas personalizadas, squeezes personalizados, copos long drink personalizados, voc\u00ea encontra aqui. Solicite j\u00e1 seu or\u00e7amento.\" \/>\n<meta name=\"robots\" content=\"index, follow, max-snippet:-1, max-image-preview:large, max-video-preview:-1\" \/>\n<link rel=\"canonical\" href=\"https:\/\/reidascanecas.net.br\/loja\/local-de-retirada\/\" \/>\n<meta property=\"og:locale\" content=\"pt_BR\" \/>\n<meta property=\"og:type\" content=\"article\" \/>\n<meta property=\"og:title\" content=\"Frete e Retirada - Rei das Canecas\" \/>\n<meta property=\"og:description\" content=\"Canecas personalizadas, squeezes personalizados, copos long drink personalizados, voc\u00ea encontra aqui. Solicite j\u00e1 seu or\u00e7amento.\" \/>\n<meta property=\"og:url\" content=\"https:\/\/reidascanecas.net.br\/loja\/local-de-retirada\/\" \/>\n<meta property=\"og:site_name\" content=\"Rei das Canecas\" \/>\n<meta property=\"article:publisher\" content=\"https:\/\/www.facebook.com\/reidascanecasfloripa\/\" \/>\n<meta property=\"article:modified_time\" content=\"2022-05-26T12:52:44+00:00\" \/>\n<meta property=\"og:image\" content=\"https:\/\/reidascanecas.net.br\/loja\/wp-content\/uploads\/2020\/03\/logo-scaled-e1585273969550.jpg\" \/>\n\t<meta property=\"og:image:width\" content=\"200\" \/>\n\t<meta property=\"og:image:height\" content=\"150\" \/>\n\t<meta property=\"og:image:type\" content=\"image\/jpeg\" \/>\n<meta name=\"twitter:card\" content=\"summary_large_image\" \/>\n<script type=\"application\/ld+json\" class=\"yoast-schema-graph\">{\"@context\":\"https:\\\/\\\/schema.org\",\"@graph\":[{\"@type\":\"WebPage\",\"@id\":\"https:\\\/\\\/reidascanecas.net.br\\\/loja\\\/local-de-retirada\\\/\",\"url\":\"https:\\\/\\\/reidascanecas.net.br\\\/loja\\\/local-de-retirada\\\/\",\"name\":\"Frete e Retirada - Rei das Canecas\",\"isPartOf\":{\"@id\":\"https:\\\/\\\/reidascanecas.net.br\\\/loja\\\/#website\"},\"datePublished\":\"2020-03-30T13:50:05+00:00\",\"dateModified\":\"2022-05-26T12:52:44+00:00\",\"description\":\"Canecas personalizadas, squeezes personalizados, copos long drink personalizados, voc\u00ea encontra aqui. Solicite j\u00e1 seu or\u00e7amento.\",\"breadcrumb\":{\"@id\":\"https:\\\/\\\/reidascanecas.net.br\\\/loja\\\/local-de-retirada\\\/#breadcrumb\"},\"inLanguage\":\"pt-BR\",\"potentialAction\":[{\"@type\":\"ReadAction\",\"target\":[\"https:\\\/\\\/reidascanecas.net.br\\\/loja\\\/local-de-retirada\\\/\"]}]},{\"@type\":\"BreadcrumbList\",\"@id\":\"https:\\\/\\\/reidascanecas.net.br\\\/loja\\\/local-de-retirada\\\/#breadcrumb\",\"itemListElement\":[{\"@type\":\"ListItem\",\"position\":1,\"name\":\"In\u00edcio\",\"item\":\"https:\\\/\\\/reidascanecas.net.br\\\/loja\\\/\"},{\"@type\":\"ListItem\",\"position\":2,\"name\":\"Frete e Retirada\"}]},{\"@type\":\"WebSite\",\"@id\":\"https:\\\/\\\/reidascanecas.net.br\\\/loja\\\/#website\",\"url\":\"https:\\\/\\\/reidascanecas.net.br\\\/loja\\\/\",\"name\":\"Rei das Canecas\",\"description\":\"\",\"publisher\":{\"@id\":\"https:\\\/\\\/reidascanecas.net.br\\\/loja\\\/#organization\"},\"potentialAction\":[{\"@type\":\"SearchAction\",\"target\":{\"@type\":\"EntryPoint\",\"urlTemplate\":\"https:\\\/\\\/reidascanecas.net.br\\\/loja\\\/?s={search_term_string}\"},\"query-input\":{\"@type\":\"PropertyValueSpecification\",\"valueRequired\":true,\"valueName\":\"search_term_string\"}}],\"inLanguage\":\"pt-BR\"},{\"@type\":\"Organization\",\"@id\":\"https:\\\/\\\/reidascanecas.net.br\\\/loja\\\/#organization\",\"name\":\"Rei das Canecas\",\"url\":\"https:\\\/\\\/reidascanecas.net.br\\\/loja\\\/\",\"logo\":{\"@type\":\"ImageObject\",\"inLanguage\":\"pt-BR\",\"@id\":\"https:\\\/\\\/reidascanecas.net.br\\\/loja\\\/#\\\/schema\\\/logo\\\/image\\\/\",\"url\":\"https:\\\/\\\/reidascanecas.net.br\\\/novo\\\/wp-content\\\/uploads\\\/2020\\\/03\\\/logo-scaled-e1585273969550.jpg\",\"contentUrl\":\"https:\\\/\\\/reidascanecas.net.br\\\/novo\\\/wp-content\\\/uploads\\\/2020\\\/03\\\/logo-scaled-e1585273969550.jpg\",\"width\":200,\"height\":150,\"caption\":\"Rei das Canecas\"},\"image\":{\"@id\":\"https:\\\/\\\/reidascanecas.net.br\\\/loja\\\/#\\\/schema\\\/logo\\\/image\\\/\"},\"sameAs\":[\"https:\\\/\\\/www.facebook.com\\\/reidascanecasfloripa\\\/\"]}]}<\/script>\n<!-- \/ Yoast SEO plugin. -->","yoast_head_json":{"title":"Frete e Retirada - Rei das Canecas","description":"Canecas personalizadas, squeezes personalizados, copos long drink personalizados, voc\u00ea encontra aqui. Solicite j\u00e1 seu or\u00e7amento.","robots":{"index":"index","follow":"follow","max-snippet":"max-snippet:-1","max-image-preview":"max-image-preview:large","max-video-preview":"max-video-preview:-1"},"canonical":"https:\/\/reidascanecas.net.br\/loja\/local-de-retirada\/","og_locale":"pt_BR","og_type":"article","og_title":"Frete e Retirada - Rei das Canecas","og_description":"Canecas personalizadas, squeezes personalizados, copos long drink personalizados, voc\u00ea encontra aqui. Solicite j\u00e1 seu or\u00e7amento.","og_url":"https:\/\/reidascanecas.net.br\/loja\/local-de-retirada\/","og_site_name":"Rei das Canecas","article_publisher":"https:\/\/www.facebook.com\/reidascanecasfloripa\/","article_modified_time":"2022-05-26T12:52:44+00:00","og_image":[{"width":200,"height":150,"url":"https:\/\/reidascanecas.net.br\/loja\/wp-content\/uploads\/2020\/03\/logo-scaled-e1585273969550.jpg","type":"image\/jpeg"}],"twitter_card":"summary_large_image","schema":{"@context":"https:\/\/schema.org","@graph":[{"@type":"WebPage","@id":"https:\/\/reidascanecas.net.br\/loja\/local-de-retirada\/","url":"https:\/\/reidascanecas.net.br\/loja\/local-de-retirada\/","name":"Frete e Retirada - Rei das Canecas","isPartOf":{"@id":"https:\/\/reidascanecas.net.br\/loja\/#website"},"datePublished":"2020-03-30T13:50:05+00:00","dateModified":"2022-05-26T12:52:44+00:00","description":"Canecas personalizadas, squeezes personalizados, copos long drink personalizados, voc\u00ea encontra aqui. Solicite j\u00e1 seu or\u00e7amento.","breadcrumb":{"@id":"https:\/\/reidascanecas.net.br\/loja\/local-de-retirada\/#breadcrumb"},"inLanguage":"pt-BR","potentialAction":[{"@type":"ReadAction","target":["https:\/\/reidascanecas.net.br\/loja\/local-de-retirada\/"]}]},{"@type":"BreadcrumbList","@id":"https:\/\/reidascanecas.net.br\/loja\/local-de-retirada\/#breadcrumb","itemListElement":[{"@type":"ListItem","position":1,"name":"In\u00edcio","item":"https:\/\/reidascanecas.net.br\/loja\/"},{"@type":"ListItem","position":2,"name":"Frete e Retirada"}]},{"@type":"WebSite","@id":"https:\/\/reidascanecas.net.br\/loja\/#website","url":"https:\/\/reidascanecas.net.br\/loja\/","name":"Rei das Canecas","description":"","publisher":{"@id":"https:\/\/reidascanecas.net.br\/loja\/#organization"},"potentialAction":[{"@type":"SearchAction","target":{"@type":"EntryPoint","urlTemplate":"https:\/\/reidascanecas.net.br\/loja\/?s={search_term_string}"},"query-input":{"@type":"PropertyValueSpecification","valueRequired":true,"valueName":"search_term_string"}}],"inLanguage":"pt-BR"},{"@type":"Organization","@id":"https:\/\/reidascanecas.net.br\/loja\/#organization","name":"Rei das Canecas","url":"https:\/\/reidascanecas.net.br\/loja\/","logo":{"@type":"ImageObject","inLanguage":"pt-BR","@id":"https:\/\/reidascanecas.net.br\/loja\/#\/schema\/logo\/image\/","url":"https:\/\/reidascanecas.net.br\/novo\/wp-content\/uploads\/2020\/03\/logo-scaled-e1585273969550.jpg","contentUrl":"https:\/\/reidascanecas.net.br\/novo\/wp-content\/uploads\/2020\/03\/logo-scaled-e1585273969550.jpg","width":200,"height":150,"caption":"Rei das Canecas"},"image":{"@id":"https:\/\/reidascanecas.net.br\/loja\/#\/schema\/logo\/image\/"},"sameAs":["https:\/\/www.facebook.com\/reidascanecasfloripa\/"]}]}},"_links":{"self":[{"href":"https:\/\/reidascanecas.net.br\/loja\/wp-json\/wp\/v2\/pages\/1823","targetHints":{"allow":["GET"]}}],"collection":[{"href":"https:\/\/reidascanecas.net.br\/loja\/wp-json\/wp\/v2\/pages"}],"about":[{"href":"https:\/\/reidascanecas.net.br\/loja\/wp-json\/wp\/v2\/types\/page"}],"author":[{"embeddable":true,"href":"https:\/\/reidascanecas.net.br\/loja\/wp-json\/wp\/v2\/users\/1"}],"replies":[{"embeddable":true,"href":"https:\/\/reidascanecas.net.br\/loja\/wp-json\/wp\/v2\/comments?post=1823"}],"version-history":[{"count":3,"href":"https:\/\/reidascanecas.net.br\/loja\/wp-json\/wp\/v2\/pages\/1823\/revisions"}],"predecessor-version":[{"id":2782,"href":"https:\/\/reidascanecas.net.br\/loja\/wp-json\/wp\/v2\/pages\/1823\/revisions\/2782"}],"wp:attachment":[{"href":"https:\/\/reidascanecas.net.br\/loja\/wp-json\/wp\/v2\/media?parent=1823"}],"curies":[{"name":"wp","href":"https:\/\/api.w.org\/{rel}","templated":true}]}}